{"id":96,"date":"2023-02-09T10:16:21","date_gmt":"2023-02-09T10:16:21","guid":{"rendered":"https:\/\/learneurope.eu\/?page_id=96"},"modified":"2023-03-19T14:31:27","modified_gmt":"2023-03-19T14:31:27","slug":"theme-packs","status":"publish","type":"page","link":"https:\/\/learneurope.eu\/es\/paquetes-tematicos\/","title":{"rendered":"PAQUETES TEM\u00c1TICOS"},"content":{"rendered":"<p>[et_pb_section fb_built=&#8221;1&#8243; _builder_version=&#8221;4.16&#8243; custom_padding=&#8221;54px||0||false|false&#8221; global_colors_info=&#8221;{}&#8221;][et_pb_row use_custom_gutter=&#8221;on&#8221; gutter_width=&#8221;1&#8243; make_equal=&#8221;on&#8221; padding_top_bottom_link_1=&#8221;true&#8221; padding_top_bottom_link_2=&#8221;false&#8221; padding_left_right_link_1=&#8221;true&#8221; _builder_version=&#8221;4.19.5&#8243; background_enable_color=&#8221;off&#8221; custom_margin=&#8221;||0px&#8221; custom_padding=&#8221;0|0px|0|0px|false|false&#8221; custom_width_px__hover=&#8221;1080px&#8221; custom_width_px__hover_enabled=&#8221;1080px&#8221; custom_width_percent__hover=&#8221;80%&#8221; custom_width_percent__hover_enabled=&#8221;80%&#8221; global_colors_info=&#8221;{}&#8221; make_fullwidth__hover=&#8221;off&#8221; make_fullwidth__hover_enabled=&#8221;off&#8221; use_custom_width__hover=&#8221;off&#8221; use_custom_width__hover_enabled=&#8221;off&#8221; width_unit__hover=&#8221;on&#8221; width_unit__hover_enabled=&#8221;on&#8221; use_custom_gutter__hover=&#8221;off&#8221; use_custom_gutter__hover_enabled=&#8221;off&#8221; gutter_width__hover=&#8221;3&#8243; gutter_width__hover_enabled=&#8221;3&#8243; make_equal__hover=&#8221;off&#8221; make_equal__hover_enabled=&#8221;off&#8221;][et_pb_column type=&#8221;4_4&#8243; _builder_version=&#8221;4.19.5&#8243; use_background_color_gradient=&#8221;on&#8221; background_color_gradient_stops=&#8221;rgba(42,46,64,0.71) 0%|rgba(42,46,64,0) 100%&#8221; background_color_gradient_overlays_image=&#8221;on&#8221; background_color_gradient_start=&#8221;rgba(42,46,64,0.71)&#8221; background_color_gradient_end=&#8221;rgba(42,46,64,0)&#8221; background_enable_image=&#8221;off&#8221; custom_padding=&#8221;||||true|true&#8221; custom_padding_tablet=&#8221;30px|30px|30px|30px|true|true&#8221; custom_padding_phone=&#8221;|||&#8221; custom_padding_last_edited=&#8221;off|desktop&#8221; global_colors_info=&#8221;{}&#8221; padding_phone=&#8221;|||&#8221; padding_tablet=&#8221;30px|30px|30px|30px|true|true&#8221; padding_last_edited=&#8221;on|phone&#8221; custom_padding__hover=&#8221;|||&#8221;][et_pb_blurb title=&#8221;THEME PACKS&#8221; content_max_width=&#8221;895px&#8221; _builder_version=&#8221;4.20.2&#8243; _module_preset=&#8221;default&#8221; header_level=&#8221;h1&#8243; header_font=&#8221;|700|||||||&#8221; header_text_align=&#8221;left&#8221; header_text_color=&#8221;#FFFFFF&#8221; header_font_size=&#8221;20px&#8221; header_line_height=&#8221;3em&#8221; background_image=&#8221;http:\/\/learneurope.eu\/wp-content\/uploads\/2023\/02\/slide_itinerarios.png&#8221; min_height=&#8221;200px&#8221; custom_padding=&#8221;60px||||false|false&#8221; custom_padding_tablet=&#8221;60px||||false|false&#8221; custom_padding_phone=&#8221;60px||||false|false&#8221; custom_padding_last_edited=&#8221;on|desktop&#8221; hover_enabled=&#8221;0&#8243; global_colors_info=&#8221;{}&#8221; header_text_align_last_edited=&#8221;on|tablet&#8221; header_text_align_phone=&#8221;center&#8221; sticky_enabled=&#8221;0&#8243; header_text_align_tablet=&#8221;center&#8221;][\/et_pb_blurb][\/et_pb_column][\/et_pb_row][et_pb_row column_structure=&#8221;3_5,2_5&#8243; _builder_version=&#8221;4.19.5&#8243; _module_preset=&#8221;default&#8221; global_colors_info=&#8221;{}&#8221;][et_pb_column type=&#8221;3_5&#8243; _builder_version=&#8221;4.19.5&#8243; _module_preset=&#8221;default&#8221; global_colors_info=&#8221;{}&#8221;][et_pb_text _builder_version=&#8221;4.19.5&#8243; _module_preset=&#8221;default&#8221; global_colors_info=&#8221;{}&#8221;]<\/p>\n<p><strong>PAQUETES TEM\u00c1TICOS - INFORMACI\u00d3N AGRUPADA POR TEMAS SOBRE LA UE<\/strong><\/p>\n<p>Propuestas de formaci\u00f3n centradas en temas relacionados con la UE que examinan su econom\u00eda, historia y geograf\u00eda desde una perspectiva transversal.<\/p>\n<p>Ver el mapa de paquetes tem\u00e1ticos<\/p>\n<p>[\/et_pb_text][\/et_pb_column][et_pb_column type=&#8221;2_5&#8243; _builder_version=&#8221;4.19.5&#8243; _module_preset=&#8221;default&#8221; global_colors_info=&#8221;{}&#8221;][et_pb_button button_url=&#8221;@ET-DC@eyJkeW5hbWljIjp0cnVlLCJjb250ZW50IjoicG9zdF9saW5rX3VybF9wYWdlIiwic2V0dGluZ3MiOnsicG9zdF9pZCI6IjU5MSJ9fQ==@&#8221; button_text=&#8221;THE FOUNDATIONS FOR THE CONSTRUCTION OF EUROPE&#8221; button_alignment=&#8221;center&#8221; _builder_version=&#8221;4.20.0&#8243; _dynamic_attributes=&#8221;button_url&#8221; _module_preset=&#8221;default&#8221; custom_button=&#8221;on&#8221; button_text_color=&#8221;#606060&#8243; button_border_width=&#8221;0px&#8221; button_border_color=&#8221;#606060&#8243; button_icon=&#8221;&#x3d;||divi||400&#8243; global_colors_info=&#8221;{}&#8221; background_layout__hover_enabled=&#8221;off|desktop&#8221; button_text_color__hover_enabled=&#8221;on|hover&#8221; button_text_color__hover=&#8221;#9ac00d&#8221; button_border_color__hover_enabled=&#8221;on|hover&#8221; button_border_color__hover=&#8221;#9ac00d&#8221;][\/et_pb_button][et_pb_button button_url=&#8221;@ET-DC@eyJkeW5hbWljIjp0cnVlLCJjb250ZW50IjoicG9zdF9saW5rX3VybF9wYWdlIiwic2V0dGluZ3MiOnsicG9zdF9pZCI6IjYxNCJ9fQ==@&#8221; button_text=&#8221;PAST AND PRESENT CHALLENGES OF THE EU&#8221; button_alignment=&#8221;center&#8221; _builder_version=&#8221;4.20.0&#8243; _dynamic_attributes=&#8221;button_url&#8221; _module_preset=&#8221;default&#8221; custom_button=&#8221;on&#8221; button_text_color=&#8221;#606060&#8243; button_border_width=&#8221;0px&#8221; button_border_color=&#8221;#606060&#8243; button_icon=&#8221;&#x3d;||divi||400&#8243; global_colors_info=&#8221;{}&#8221; background_layout__hover_enabled=&#8221;off|desktop&#8221; button_text_color__hover_enabled=&#8221;on|hover&#8221; button_text_color__hover=&#8221;#9ac00d&#8221; button_border_color__hover_enabled=&#8221;on|hover&#8221; button_border_color__hover=&#8221;#9ac00d&#8221;][\/et_pb_button][et_pb_button button_url=&#8221;@ET-DC@eyJkeW5hbWljIjp0cnVlLCJjb250ZW50IjoicG9zdF9saW5rX3VybF9wYWdlIiwic2V0dGluZ3MiOnsicG9zdF9pZCI6IjYwMiJ9fQ==@&#8221; button_text=&#8221;THE EXTERNAL ACTION OF THE EU&#8221; button_alignment=&#8221;center&#8221; _builder_version=&#8221;4.20.0&#8243; _dynamic_attributes=&#8221;button_url&#8221; _module_preset=&#8221;default&#8221; custom_button=&#8221;on&#8221; button_text_color=&#8221;#606060&#8243; button_border_width=&#8221;0px&#8221; button_border_color=&#8221;#606060&#8243; button_icon=&#8221;&#x3d;||divi||400&#8243; global_colors_info=&#8221;{}&#8221; background_layout__hover_enabled=&#8221;off|desktop&#8221; button_text_color__hover_enabled=&#8221;on|hover&#8221; button_text_color__hover=&#8221;#9ac00d&#8221; button_border_color__hover_enabled=&#8221;on|hover&#8221; button_border_color__hover=&#8221;#9ac00d&#8221;][\/et_pb_button][et_pb_button button_url=&#8221;@ET-DC@eyJkeW5hbWljIjp0cnVlLCJjb250ZW50IjoicG9zdF9saW5rX3VybF9wYWdlIiwic2V0dGluZ3MiOnsicG9zdF9pZCI6IjYwOSJ9fQ==@&#8221; button_text=&#8221;EUROPEAN DIVERSITY&#8221; button_alignment=&#8221;center&#8221; _builder_version=&#8221;4.20.0&#8243; _dynamic_attributes=&#8221;button_url&#8221; _module_preset=&#8221;default&#8221; custom_button=&#8221;on&#8221; button_text_color=&#8221;#606060&#8243; button_border_width=&#8221;0px&#8221; button_border_color=&#8221;#606060&#8243; button_icon=&#8221;&#x3d;||divi||400&#8243; global_colors_info=&#8221;{}&#8221; background_layout__hover_enabled=&#8221;off|desktop&#8221; button_text_color__hover_enabled=&#8221;on|hover&#8221; button_text_color__hover=&#8221;#9ac00d&#8221; button_border_color__hover_enabled=&#8221;on|hover&#8221; button_border_color__hover=&#8221;#9ac00d&#8221;][\/et_pb_button][\/et_pb_column][\/et_pb_row][\/et_pb_section]<\/p>","protected":false},"excerpt":{"rendered":"<p>THEME PACKS \u2013 THEMATICALLY GROUPED INFORMATION ABOUT THE EU Training proposals focusing on topics relating to the EU which examine its economics, history and geography from a transversal perspective. See the Theme packs map<\/p>","protected":false},"author":1,"featured_media":0,"parent":0,"menu_order":0,"comment_status":"closed","ping_status":"open","template":"","meta":{"_et_pb_use_builder":"on","_et_pb_old_content":"","_et_gb_content_width":"","footnotes":""},"_links":{"self":[{"href":"https:\/\/learneurope.eu\/es\/wp-json\/wp\/v2\/pages\/96"}],"collection":[{"href":"https:\/\/learneurope.eu\/es\/wp-json\/wp\/v2\/pages"}],"about":[{"href":"https:\/\/learneurope.eu\/es\/wp-json\/wp\/v2\/types\/page"}],"author":[{"embeddable":true,"href":"https:\/\/learneurope.eu\/es\/wp-json\/wp\/v2\/users\/1"}],"replies":[{"embeddable":true,"href":"https:\/\/learneurope.eu\/es\/wp-json\/wp\/v2\/comments?post=96"}],"version-history":[{"count":21,"href":"https:\/\/learneurope.eu\/es\/wp-json\/wp\/v2\/pages\/96\/revisions"}],"predecessor-version":[{"id":775,"href":"https:\/\/learneurope.eu\/es\/wp-json\/wp\/v2\/pages\/96\/revisions\/775"}],"wp:attachment":[{"href":"https:\/\/learneurope.eu\/es\/wp-json\/wp\/v2\/media?parent=96"}],"curies":[{"name":"wp","href":"https:\/\/api.w.org\/{rel}","templated":true}]}}