{"id":591,"date":"2023-02-28T08:55:36","date_gmt":"2023-02-28T08:55:36","guid":{"rendered":"https:\/\/learneurope.eu\/?page_id=591"},"modified":"2023-02-28T12:23:27","modified_gmt":"2023-02-28T12:23:27","slug":"the-foundations-for-the-construction-of-europe","status":"publish","type":"page","link":"https:\/\/learneurope.eu\/es\/las-fundaciones-para-la-construccion-de-europa\/","title":{"rendered":"LOS CIMIENTOS DE LA CONSTRUCCI\u00d3N EUROPEA"},"content":{"rendered":"<p>[et_pb_section fb_built=&#8221;1&#8243; _builder_version=&#8221;4.16&#8243; custom_padding=&#8221;54px||0||false|false&#8221; global_colors_info=&#8221;{}&#8221;][et_pb_row use_custom_gutter=&#8221;on&#8221; gutter_width=&#8221;1&#8243; make_equal=&#8221;on&#8221; padding_top_bottom_link_1=&#8221;true&#8221; padding_top_bottom_link_2=&#8221;false&#8221; padding_left_right_link_1=&#8221;true&#8221; _builder_version=&#8221;4.19.5&#8243; background_enable_color=&#8221;off&#8221; custom_margin=&#8221;||0px&#8221; custom_padding=&#8221;0|0px|0|0px|false|false&#8221; custom_width_px__hover=&#8221;1080px&#8221; custom_width_px__hover_enabled=&#8221;1080px&#8221; custom_width_percent__hover=&#8221;80%&#8221; custom_width_percent__hover_enabled=&#8221;80%&#8221; global_colors_info=&#8221;{}&#8221; make_fullwidth__hover=&#8221;off&#8221; make_fullwidth__hover_enabled=&#8221;off&#8221; use_custom_width__hover=&#8221;off&#8221; use_custom_width__hover_enabled=&#8221;off&#8221; width_unit__hover=&#8221;on&#8221; width_unit__hover_enabled=&#8221;on&#8221; use_custom_gutter__hover=&#8221;off&#8221; use_custom_gutter__hover_enabled=&#8221;off&#8221; gutter_width__hover=&#8221;3&#8243; gutter_width__hover_enabled=&#8221;3&#8243; make_equal__hover=&#8221;off&#8221; make_equal__hover_enabled=&#8221;off&#8221;][et_pb_column type=&#8221;4_4&#8243; _builder_version=&#8221;4.19.5&#8243; use_background_color_gradient=&#8221;on&#8221; background_color_gradient_stops=&#8221;rgba(42,46,64,0.71) 0%|rgba(42,46,64,0) 100%&#8221; background_color_gradient_overlays_image=&#8221;on&#8221; background_color_gradient_start=&#8221;rgba(42,46,64,0.71)&#8221; background_color_gradient_end=&#8221;rgba(42,46,64,0)&#8221; background_enable_image=&#8221;off&#8221; custom_padding=&#8221;||||true|true&#8221; custom_padding_tablet=&#8221;30px|30px|30px|30px|true|true&#8221; custom_padding_phone=&#8221;|||&#8221; custom_padding_last_edited=&#8221;off|desktop&#8221; global_colors_info=&#8221;{}&#8221; padding_phone=&#8221;|||&#8221; padding_tablet=&#8221;30px|30px|30px|30px|true|true&#8221; padding_last_edited=&#8221;on|phone&#8221; custom_padding__hover=&#8221;|||&#8221;][et_pb_blurb title=&#8221;THEME PACKS&#8221; content_max_width=&#8221;895px&#8221; _builder_version=&#8221;4.19.5&#8243; _module_preset=&#8221;default&#8221; header_level=&#8221;h1&#8243; header_font=&#8221;|700|||||||&#8221; header_text_align=&#8221;left&#8221; header_text_color=&#8221;#FFFFFF&#8221; header_font_size=&#8221;20px&#8221; header_line_height=&#8221;3em&#8221; background_image=&#8221;http:\/\/learneurope.eu\/wp-content\/uploads\/2023\/02\/slide_itinerarios.png&#8221; min_height=&#8221;200px&#8221; custom_padding=&#8221;60px||||false|false&#8221; custom_padding_tablet=&#8221;60px||||false|false&#8221; custom_padding_phone=&#8221;60px||||false|false&#8221; custom_padding_last_edited=&#8221;on|desktop&#8221; global_colors_info=&#8221;{}&#8221;][\/et_pb_blurb][\/et_pb_column][\/et_pb_row][et_pb_row column_structure=&#8221;3_5,2_5&#8243; _builder_version=&#8221;4.19.5&#8243; _module_preset=&#8221;default&#8221; global_colors_info=&#8221;{}&#8221;][et_pb_column type=&#8221;3_5&#8243; _builder_version=&#8221;4.19.5&#8243; _module_preset=&#8221;default&#8221; global_colors_info=&#8221;{}&#8221;][et_pb_blurb title=&#8221;THE FOUNDATIONS FOR THE CONSTRUCTION OF EUROPE&#8221; _builder_version=&#8221;4.20.0&#8243; _module_preset=&#8221;default&#8221; header_level=&#8221;h1&#8243; header_font=&#8221;|600|||||||&#8221; global_colors_info=&#8221;{}&#8221;][\/et_pb_blurb][brbl_smart_post_list show_topbar=&#8221;off&#8221; is_featured=&#8221;off&#8221; columns_count=&#8221;1&#8243; rows_count=&#8221;8&#8243; include_categories=&#8221;35&#8243; order_by=&#8221;rand&#8221; show_excerpt=&#8221;on&#8221; excerpt_length=&#8221;30&#8243; show_thumb=&#8221;off&#8221; show_author=&#8221;off&#8221; _builder_version=&#8221;4.20.0&#8243; _module_preset=&#8221;default&#8221; title_text_color=&#8221;#afce33&#8243; global_colors_info=&#8221;{}&#8221;][\/brbl_smart_post_list][\/et_pb_column][et_pb_column type=&#8221;2_5&#8243; _builder_version=&#8221;4.19.5&#8243; _module_preset=&#8221;default&#8221; global_colors_info=&#8221;{}&#8221;][et_pb_button button_url=&#8221;@ET-DC@eyJkeW5hbWljIjp0cnVlLCJjb250ZW50IjoicG9zdF9saW5rX3VybF9wYWdlIiwic2V0dGluZ3MiOnsicG9zdF9pZCI6IjU5MSJ9fQ==@&#8221; button_text=&#8221;THE FOUNDATIONS FOR THE CONSTRUCTION OF EUROPE&#8221; button_alignment=&#8221;center&#8221; _builder_version=&#8221;4.20.0&#8243; _dynamic_attributes=&#8221;button_url&#8221; _module_preset=&#8221;default&#8221; custom_button=&#8221;on&#8221; button_text_color=&#8221;#606060&#8243; button_border_width=&#8221;0px&#8221; button_border_color=&#8221;#606060&#8243; button_icon=&#8221;&#x3d;||divi||400&#8243; global_colors_info=&#8221;{}&#8221; background_layout__hover_enabled=&#8221;off|desktop&#8221; button_text_color__hover_enabled=&#8221;on|hover&#8221; button_text_color__hover=&#8221;#9ac00d&#8221; button_border_color__hover_enabled=&#8221;on|hover&#8221; button_border_color__hover=&#8221;#9ac00d&#8221;][\/et_pb_button][et_pb_button button_text=&#8221;PAST AND PRESENT CHALLENGES OF THE EU&#8221; button_alignment=&#8221;center&#8221; _builder_version=&#8221;4.20.0&#8243; _module_preset=&#8221;default&#8221; custom_button=&#8221;on&#8221; button_text_color=&#8221;#606060&#8243; button_border_width=&#8221;0px&#8221; button_border_color=&#8221;#606060&#8243; button_icon=&#8221;&#x3d;||divi||400&#8243; hover_enabled=&#8221;0&#8243; global_colors_info=&#8221;{}&#8221; background_layout__hover_enabled=&#8221;off|desktop&#8221; button_text_color__hover_enabled=&#8221;on|hover&#8221; button_text_color__hover=&#8221;#9ac00d&#8221; button_border_color__hover_enabled=&#8221;on|hover&#8221; button_border_color__hover=&#8221;#9ac00d&#8221; button_url=&#8221;@ET-DC@eyJkeW5hbWljIjp0cnVlLCJjb250ZW50IjoicG9zdF9saW5rX3VybF9wYWdlIiwic2V0dGluZ3MiOnsicG9zdF9pZCI6IjYxNCJ9fQ==@&#8221; _dynamic_attributes=&#8221;button_url&#8221; sticky_enabled=&#8221;0&#8243;][\/et_pb_button][et_pb_button button_text=&#8221;THE EXTERNAL ACTION OF THE EU&#8221; button_alignment=&#8221;center&#8221; _builder_version=&#8221;4.20.0&#8243; _module_preset=&#8221;default&#8221; custom_button=&#8221;on&#8221; button_text_color=&#8221;#606060&#8243; button_border_width=&#8221;0px&#8221; button_border_color=&#8221;#606060&#8243; button_icon=&#8221;&#x3d;||divi||400&#8243; hover_enabled=&#8221;0&#8243; global_colors_info=&#8221;{}&#8221; background_layout__hover_enabled=&#8221;off|desktop&#8221; button_text_color__hover_enabled=&#8221;on|hover&#8221; button_text_color__hover=&#8221;#9ac00d&#8221; button_border_color__hover_enabled=&#8221;on|hover&#8221; button_border_color__hover=&#8221;#9ac00d&#8221; sticky_enabled=&#8221;0&#8243; button_url=&#8221;@ET-DC@eyJkeW5hbWljIjp0cnVlLCJjb250ZW50IjoicG9zdF9saW5rX3VybF9wYWdlIiwic2V0dGluZ3MiOnsicG9zdF9pZCI6IjYwMiJ9fQ==@&#8221; _dynamic_attributes=&#8221;button_url&#8221;][\/et_pb_button][et_pb_button button_text=&#8221;EUROPEAN DIVERSITY&#8221; button_alignment=&#8221;center&#8221; _builder_version=&#8221;4.20.0&#8243; _module_preset=&#8221;default&#8221; custom_button=&#8221;on&#8221; button_text_color=&#8221;#606060&#8243; button_border_width=&#8221;0px&#8221; button_border_color=&#8221;#606060&#8243; button_icon=&#8221;&#x3d;||divi||400&#8243; hover_enabled=&#8221;0&#8243; global_colors_info=&#8221;{}&#8221; background_layout__hover_enabled=&#8221;off|desktop&#8221; button_text_color__hover_enabled=&#8221;on|hover&#8221; button_text_color__hover=&#8221;#9ac00d&#8221; button_border_color__hover_enabled=&#8221;on|hover&#8221; button_border_color__hover=&#8221;#9ac00d&#8221; button_url=&#8221;@ET-DC@eyJkeW5hbWljIjp0cnVlLCJjb250ZW50IjoicG9zdF9saW5rX3VybF9wYWdlIiwic2V0dGluZ3MiOnsicG9zdF9pZCI6IjYwOSJ9fQ==@&#8221; _dynamic_attributes=&#8221;button_url&#8221; sticky_enabled=&#8221;0&#8243;][\/et_pb_button][\/et_pb_column][\/et_pb_row][\/et_pb_section]<\/p>","protected":false},"excerpt":{"rendered":"<div class=\"et_pb_module brbl_smart_post_list brbl_smart_post_list_0\">\n\t\t\t\t\n\t\t\t\t\n\t\t\t\t\n\t\t\t\t\n\t\t\t\t\n\t\t\t\t\n\t\t\t\t<div class=\"et_pb_module_inner\">\n\t\t\t\t\t<div class=\"brbl-module brbl-smart-post frontend\" data-settings=\"{&quot;is_featured&quot;:&quot;off&quot;,&quot;btn_icon&quot;:&quot;5&quot;,&quot;ft_show_date&quot;:&quot;on&quot;,&quot;ft_date_format&quot;:&quot;M d, Y&quot;,&quot;show_excerpt&quot;:&quot;on&quot;,&quot;excerpt_length&quot;:&quot;30&quot;,&quot;ft_excerpt_length&quot;:&quot;10&quot;,&quot;ft_show_excerpt&quot;:&quot;on&quot;,&quot;ft_show_author&quot;:&quot;on&quot;,&quot;ft_show_btn&quot;:&quot;off&quot;,&quot;btn_text&quot;:&quot;Read More&quot;,&quot;spl_btn_icon&quot;:&quot;&quot;,&quot;date_format&quot;:&quot;M d, Y&quot;,&quot;show_date&quot;:&quot;off&quot;,&quot;show_author&quot;:&quot;off&quot;,&quot;show_thumb&quot;:&quot;off&quot;,&quot;thumb_size&quot;:&quot;full&quot;,&quot;ft_layout&quot;:&quot;box&quot;,&quot;ft_img_size&quot;:&quot;full&quot;,&quot;post_count&quot;:8,&quot;post_type&quot;:&quot;post&quot;,&quot;order_by&quot;:&quot;rand&quot;,&quot;order&quot;:&quot;ASC&quot;}\"\r\n\t\t\t\tdata-total-posts=\"7\"\r\n\t\t\t\tdata-offset-length=\"8\"\r\n\t\t\t\tdata-post-showed=\"8\"\r\n\t\t\t\tdata-offset=\"0\"\r\n\t\t\t\tdata-category=\"35\">\r\n\t\t\t\t\r\n\t\t\t\t<div class=\"brbl-smart-post-wrapper box\"><div class=\"brbl-smart-post-item brbl-default\">\r\n\t\t\t\t\t\t<article class=\"brbl-smart-post-item-inner\">\r\n\t\t\t\t\t\t\t\r\n\t\t\t\t\t\t\t<div class=\"brbl-smart-post-content\">\r\n\t\t\t\t\t\t\t\t <h4 class=\"brbl-post-title\">\r\n\t\t\t\t\t\t<a href=\"https:\/\/learneurope.eu\/es\/las-instituciones-de-la-ue\/\">Las instituciones de la UE<\/a>\r\n\t\t\t\t\t<\/h4>\r\n\t\t\t\t\t\t\t\t<div class=\"brbl-post-excerpt\">LAS INSTITUCIONES DE LA UE HISTORIA Objetivos espec\u00edficos y competencias Reconocer las principales instituciones de la UE, su ubicaci\u00f3n y sus funciones. Comprender las funciones de las...<\/div>\r\n\t\t\t\t\t\t\t\t\r\n\t\t\t\t\t\t\t<\/div>\r\n\t\t\t\t\t\t<\/article>\r\n\t\t\t\t\t<\/div><div class=\"brbl-smart-post-item brbl-default\">\r\n\t\t\t\t\t\t<article class=\"brbl-smart-post-item-inner\">\r\n\t\t\t\t\t\t\t\r\n\t\t\t\t\t\t\t<div class=\"brbl-smart-post-content\">\r\n\t\t\t\t\t\t\t\t <h4 class=\"brbl-post-title\">\r\n\t\t\t\t\t\t<a href=\"https:\/\/learneurope.eu\/es\/the-founding-fathers-of-the-eu\/\">Los padres fundadores de la UE<\/a>\r\n\t\t\t\t\t<\/h4>\r\n\t\t\t\t\t\t\t\t<div class=\"brbl-post-excerpt\">LOS PADRES FUNDADORES DE LA UE HISTORIA Objetivos espec\u00edficos y competencias Conocer la generaci\u00f3n de pol\u00edticos que hizo posible emprender el proceso de construcci\u00f3n europea....<\/div>\r\n\t\t\t\t\t\t\t\t\r\n\t\t\t\t\t\t\t<\/div>\r\n\t\t\t\t\t\t<\/article>\r\n\t\t\t\t\t<\/div><div class=\"brbl-smart-post-item brbl-default\">\r\n\t\t\t\t\t\t<article class=\"brbl-smart-post-item-inner\">\r\n\t\t\t\t\t\t\t\r\n\t\t\t\t\t\t\t<div class=\"brbl-smart-post-content\">\r\n\t\t\t\t\t\t\t\t <h4 class=\"brbl-post-title\">\r\n\t\t\t\t\t\t<a href=\"https:\/\/learneurope.eu\/es\/the-eu-budget\/\">Presupuesto de la UE<\/a>\r\n\t\t\t\t\t<\/h4>\r\n\t\t\t\t\t\t\t\t<div class=\"brbl-post-excerpt\">LA ECONOM\u00cdA PRESUPUESTARIA DE LA UE Objetivos espec\u00edficos y competencias Comprender c\u00f3mo se compone el presupuesto comunitario. Conocer las principales partidas de gasto del presupuesto y sus...<\/div>\r\n\t\t\t\t\t\t\t\t\r\n\t\t\t\t\t\t\t<\/div>\r\n\t\t\t\t\t\t<\/article>\r\n\t\t\t\t\t<\/div><div class=\"brbl-smart-post-item brbl-default\">\r\n\t\t\t\t\t\t<article class=\"brbl-smart-post-item-inner\">\r\n\t\t\t\t\t\t\t\r\n\t\t\t\t\t\t\t<div class=\"brbl-smart-post-content\">\r\n\t\t\t\t\t\t\t\t <h4 class=\"brbl-post-title\">\r\n\t\t\t\t\t\t<a href=\"https:\/\/learneurope.eu\/es\/tipos-de-integracion-economica\/\">Tipos de integraci\u00f3n econ\u00f3mica<\/a>\r\n\t\t\t\t\t<\/h4>\r\n\t\t\t\t\t\t\t\t<div class=\"brbl-post-excerpt\">TIPOS DE INTEGRACI\u00d3N ECON\u00d3MICA ECONOM\u00cdA Objetivos Espec\u00edficos y Competencias Identificar los diferentes procesos de integraci\u00f3n regional. Comprender los diferentes tipos de integraci\u00f3n regional que se han observado...<\/div>\r\n\t\t\t\t\t\t\t\t\r\n\t\t\t\t\t\t\t<\/div>\r\n\t\t\t\t\t\t<\/article>\r\n\t\t\t\t\t<\/div><div class=\"brbl-smart-post-item brbl-default\">\r\n\t\t\t\t\t\t<article class=\"brbl-smart-post-item-inner\">\r\n\t\t\t\t\t\t\t\r\n\t\t\t\t\t\t\t<div class=\"brbl-smart-post-content\">\r\n\t\t\t\t\t\t\t\t <h4 class=\"brbl-post-title\">\r\n\t\t\t\t\t\t<a href=\"https:\/\/learneurope.eu\/es\/el-euro\/\">EL EURO<\/a>\r\n\t\t\t\t\t<\/h4>\r\n\t\t\t\t\t\t\t\t<div class=\"brbl-post-excerpt\">LA EURO ECONOM\u00cdA Objetivos espec\u00edficos y competencias Conocer el origen de la moneda \u00fanica y qu\u00e9 pa\u00edses forman parte de ella. Comprender los principios que rigen la...<\/div>\r\n\t\t\t\t\t\t\t\t\r\n\t\t\t\t\t\t\t<\/div>\r\n\t\t\t\t\t\t<\/article>\r\n\t\t\t\t\t<\/div><div class=\"brbl-smart-post-item brbl-default\">\r\n\t\t\t\t\t\t<article class=\"brbl-smart-post-item-inner\">\r\n\t\t\t\t\t\t\t\r\n\t\t\t\t\t\t\t<div class=\"brbl-smart-post-content\">\r\n\t\t\t\t\t\t\t\t <h4 class=\"brbl-post-title\">\r\n\t\t\t\t\t\t<a href=\"https:\/\/learneurope.eu\/es\/de-la-ceca-al-tratado-de-lisboa\/\">De La CECA al tratado de Lisboa<\/a>\r\n\t\t\t\t\t<\/h4>\r\n\t\t\t\t\t\t\t\t<div class=\"brbl-post-excerpt\">DE LA CECA AL TRATADO DE LISBOA HISTORIA Objetivos espec\u00edficos y competencias Comprender la l\u00f3gica de la construcci\u00f3n europea desde sus or\u00edgenes. Conocer los...<\/div>\r\n\t\t\t\t\t\t\t\t\r\n\t\t\t\t\t\t\t<\/div>\r\n\t\t\t\t\t\t<\/article>\r\n\t\t\t\t\t<\/div><div class=\"brbl-smart-post-item brbl-default\">\r\n\t\t\t\t\t\t<article class=\"brbl-smart-post-item-inner\">\r\n\t\t\t\t\t\t\t\r\n\t\t\t\t\t\t\t<div class=\"brbl-smart-post-content\">\r\n\t\t\t\t\t\t\t\t <h4 class=\"brbl-post-title\">\r\n\t\t\t\t\t\t<a href=\"https:\/\/learneurope.eu\/es\/europa-despues-de-la-segunda-guerra-mundial\/\">Europa despu\u00e9s de la Segunda Guerra Mundial<\/a>\r\n\t\t\t\t\t<\/h4>\r\n\t\t\t\t\t\t\t\t<div class=\"brbl-post-excerpt\">EUROPA DESPU\u00c9S DE LA II GUERRA MUNDIAL HISTORIA Objetivos espec\u00edficos y competencias Superar las dificultades mediante la colaboraci\u00f3n y el entendimiento. Comprender la arquitectura institucional internacional surgida tras la Segunda Guerra Mundial. Comprender...<\/div>\r\n\t\t\t\t\t\t\t\t\r\n\t\t\t\t\t\t\t<\/div>\r\n\t\t\t\t\t\t<\/article>\r\n\t\t\t\t\t<\/div><\/div>\r\n\t\t\t<\/div>\n\t\t\t\t<\/div>\n\t\t\t<\/div>","protected":false},"author":1,"featured_media":0,"parent":0,"menu_order":0,"comment_status":"closed","ping_status":"open","template":"","meta":{"_et_pb_use_builder":"on","_et_pb_old_content":"","_et_gb_content_width":"","footnotes":""},"_links":{"self":[{"href":"https:\/\/learneurope.eu\/es\/wp-json\/wp\/v2\/pages\/591"}],"collection":[{"href":"https:\/\/learneurope.eu\/es\/wp-json\/wp\/v2\/pages"}],"about":[{"href":"https:\/\/learneurope.eu\/es\/wp-json\/wp\/v2\/types\/page"}],"author":[{"embeddable":true,"href":"https:\/\/learneurope.eu\/es\/wp-json\/wp\/v2\/users\/1"}],"replies":[{"embeddable":true,"href":"https:\/\/learneurope.eu\/es\/wp-json\/wp\/v2\/comments?post=591"}],"version-history":[{"count":8,"href":"https:\/\/learneurope.eu\/es\/wp-json\/wp\/v2\/pages\/591\/revisions"}],"predecessor-version":[{"id":618,"href":"https:\/\/learneurope.eu\/es\/wp-json\/wp\/v2\/pages\/591\/revisions\/618"}],"wp:attachment":[{"href":"https:\/\/learneurope.eu\/es\/wp-json\/wp\/v2\/media?parent=591"}],"curies":[{"name":"wp","href":"https:\/\/api.w.org\/{rel}","templated":true}]}}