{"id":577,"date":"2023-02-26T18:38:31","date_gmt":"2023-02-26T18:38:31","guid":{"rendered":"https:\/\/learneurope.eu\/?page_id=577"},"modified":"2023-02-26T18:39:09","modified_gmt":"2023-02-26T18:39:09","slug":"legal-notice","status":"publish","type":"page","link":"https:\/\/learneurope.eu\/es\/aviso-legal\/","title":{"rendered":"AVISO LEGAL"},"content":{"rendered":"<p>[et_pb_section fb_built=&#8221;1&#8243; _builder_version=&#8221;4.16&#8243; custom_padding=&#8221;54px||0||false|false&#8221; global_colors_info=&#8221;{}&#8221;][et_pb_row use_custom_gutter=&#8221;on&#8221; gutter_width=&#8221;1&#8243; make_equal=&#8221;on&#8221; padding_top_bottom_link_1=&#8221;true&#8221; padding_top_bottom_link_2=&#8221;false&#8221; padding_left_right_link_1=&#8221;true&#8221; _builder_version=&#8221;4.19.5&#8243; background_enable_color=&#8221;off&#8221; custom_margin=&#8221;||0px&#8221; custom_padding=&#8221;0|0px|0|0px|false|false&#8221; custom_width_px__hover=&#8221;1080px&#8221; custom_width_px__hover_enabled=&#8221;1080px&#8221; custom_width_percent__hover=&#8221;80%&#8221; custom_width_percent__hover_enabled=&#8221;80%&#8221; global_colors_info=&#8221;{}&#8221; make_fullwidth__hover=&#8221;off&#8221; make_fullwidth__hover_enabled=&#8221;off&#8221; use_custom_width__hover=&#8221;off&#8221; use_custom_width__hover_enabled=&#8221;off&#8221; width_unit__hover=&#8221;on&#8221; width_unit__hover_enabled=&#8221;on&#8221; use_custom_gutter__hover=&#8221;off&#8221; use_custom_gutter__hover_enabled=&#8221;off&#8221; gutter_width__hover=&#8221;3&#8243; gutter_width__hover_enabled=&#8221;3&#8243; make_equal__hover=&#8221;off&#8221; make_equal__hover_enabled=&#8221;off&#8221;][et_pb_column type=&#8221;4_4&#8243; _builder_version=&#8221;4.19.5&#8243; use_background_color_gradient=&#8221;on&#8221; background_color_gradient_stops=&#8221;rgba(42,46,64,0.71) 0%|rgba(42,46,64,0) 100%&#8221; background_color_gradient_overlays_image=&#8221;on&#8221; background_color_gradient_start=&#8221;rgba(42,46,64,0.71)&#8221; background_color_gradient_end=&#8221;rgba(42,46,64,0)&#8221; background_enable_image=&#8221;off&#8221; custom_padding=&#8221;||||true|true&#8221; custom_padding_tablet=&#8221;30px|30px|30px|30px|true|true&#8221; custom_padding_phone=&#8221;|||&#8221; custom_padding_last_edited=&#8221;off|desktop&#8221; global_colors_info=&#8221;{}&#8221; padding_phone=&#8221;|||&#8221; padding_tablet=&#8221;30px|30px|30px|30px|true|true&#8221; padding_last_edited=&#8221;on|phone&#8221; custom_padding__hover=&#8221;|||&#8221;][et_pb_blurb title=&#8221;LEGAL NOTICE&#8221; content_max_width=&#8221;1000px&#8221; _builder_version=&#8221;4.20.0&#8243; _module_preset=&#8221;default&#8221; header_level=&#8221;h1&#8243; header_text_align=&#8221;left&#8221; header_text_color=&#8221;#FFFFFF&#8221; use_background_color_gradient=&#8221;on&#8221; background_color_gradient_direction=&#8221;90deg&#8221; background_color_gradient_stops=&#8221;#afce33 0%|#ffffff 100%&#8221; hover_enabled=&#8221;0&#8243; global_colors_info=&#8221;{}&#8221; sticky_enabled=&#8221;0&#8243;][\/et_pb_blurb][\/et_pb_column][\/et_pb_row][et_pb_row column_structure=&#8221;3_4,1_4&#8243; _builder_version=&#8221;4.20.0&#8243; _module_preset=&#8221;default&#8221; global_colors_info=&#8221;{}&#8221;][et_pb_column type=&#8221;3_4&#8243; _builder_version=&#8221;4.19.5&#8243; _module_preset=&#8221;default&#8221; global_colors_info=&#8221;{}&#8221;][et_pb_text _builder_version=&#8221;4.20.0&#8243; _module_preset=&#8221;default&#8221; hover_enabled=&#8221;0&#8243; global_colors_info=&#8221;{}&#8221; sticky_enabled=&#8221;0&#8243;]<\/p>\n<p><span><span lang=\"EN-GB\">Aunque<strong>\u00a0Conoce Europa<\/strong>\u00a0ha recibido financiaci\u00f3n del\u00a0<strong>Programa Jean Monnet<\/strong>\u00a0de la\u00a0<strong>Direcci\u00f3n General de Educaci\u00f3n y Cultura\u00a0<\/strong>de la\u00a0<strong>Comisi\u00f3n Europea<\/strong>\u00a0(CE), la informaci\u00f3n y las opiniones expresadas en este sitio web no representan necesariamente los puntos de vista de la CE. En consecuencia, la CE no es responsable del contenido ni del uso de la informaci\u00f3n contenida en este sitio web.<\/p>\n<p>La informaci\u00f3n contenida en los enlaces externos y en los documentos y enlaces externos es responsabilidad exclusiva de sus respectivos autores. Los contenidos elaborados espec\u00edficamente para este sitio web pueden utilizarse con fines educativos y para facilitar informaci\u00f3n sobre la Uni\u00f3n Europea, sin necesidad de autorizaci\u00f3n previa, siempre que se cite la fuente.<\/p>\n<p><\/span><\/span><\/p>\n<p><span><span lang=\"EN-GB\">La informaci\u00f3n aqu\u00ed facilitada puede no ser siempre completa, totalmente exacta o totalmente actualizada. Nos reservamos expresamente el derecho a tomar las medidas necesarias a este respecto, tales como a\u00f1adir, modificar y\/o suprimir cualquier contenido de este sitio web.<\/p>\n<p><\/span><\/span><\/p>\n<p><span lang=\"EN-GB\"><span>Todos los datos personales recogidos durante cualquiera de las investigaciones realizadas se tratar\u00e1n con la m\u00e1s estricta confidencialidad y no se compartir\u00e1n ni divulgar\u00e1n, transferir\u00e1n o vender\u00e1n a terceros.<\/span><\/span><\/p>\n<p>[\/et_pb_text][\/et_pb_column][et_pb_column type=&#8221;1_4&#8243; _builder_version=&#8221;4.19.5&#8243; _module_preset=&#8221;default&#8221; global_colors_info=&#8221;{}&#8221;][\/et_pb_column][\/et_pb_row][\/et_pb_section]<\/p>","protected":false},"excerpt":{"rendered":"<p>Although\u00a0Learn Europe\u00a0has received funding from the\u00a0Jean Monnet Programme\u00a0of the\u00a0Directorate-General for Education and Culture\u00a0of the\u00a0European Commission\u00a0(EC), the information and opinions expressed on this website do not necessarily represent the views of the EC. As a result, the EC is not responsible for the content or the use of the information contained on this website. The information [&hellip;]<\/p>","protected":false},"author":1,"featured_media":0,"parent":0,"menu_order":0,"comment_status":"closed","ping_status":"open","template":"","meta":{"_et_pb_use_builder":"on","_et_pb_old_content":"","_et_gb_content_width":"","footnotes":""},"_links":{"self":[{"href":"https:\/\/learneurope.eu\/es\/wp-json\/wp\/v2\/pages\/577"}],"collection":[{"href":"https:\/\/learneurope.eu\/es\/wp-json\/wp\/v2\/pages"}],"about":[{"href":"https:\/\/learneurope.eu\/es\/wp-json\/wp\/v2\/types\/page"}],"author":[{"embeddable":true,"href":"https:\/\/learneurope.eu\/es\/wp-json\/wp\/v2\/users\/1"}],"replies":[{"embeddable":true,"href":"https:\/\/learneurope.eu\/es\/wp-json\/wp\/v2\/comments?post=577"}],"version-history":[{"count":3,"href":"https:\/\/learneurope.eu\/es\/wp-json\/wp\/v2\/pages\/577\/revisions"}],"predecessor-version":[{"id":580,"href":"https:\/\/learneurope.eu\/es\/wp-json\/wp\/v2\/pages\/577\/revisions\/580"}],"wp:attachment":[{"href":"https:\/\/learneurope.eu\/es\/wp-json\/wp\/v2\/media?parent=577"}],"curies":[{"name":"wp","href":"https:\/\/api.w.org\/{rel}","templated":true}]}}