{"id":573,"date":"2023-02-26T18:30:07","date_gmt":"2023-02-26T18:30:07","guid":{"rendered":"https:\/\/learneurope.eu\/?page_id=573"},"modified":"2025-09-07T20:43:06","modified_gmt":"2025-09-07T20:43:06","slug":"about-learn-europe","status":"publish","type":"page","link":"https:\/\/learneurope.eu\/es\/sobre-aprender-europa\/","title":{"rendered":"SOBRE LEARN EUROPE"},"content":{"rendered":"<p>[et_pb_section fb_built=&#8221;1&#8243; _builder_version=&#8221;4.16&#8243; custom_padding=&#8221;54px||0||false|false&#8221; global_colors_info=&#8221;{}&#8221;][et_pb_row use_custom_gutter=&#8221;on&#8221; gutter_width=&#8221;1&#8243; make_equal=&#8221;on&#8221; padding_top_bottom_link_1=&#8221;true&#8221; padding_top_bottom_link_2=&#8221;false&#8221; padding_left_right_link_1=&#8221;true&#8221; _builder_version=&#8221;4.19.5&#8243; background_enable_color=&#8221;off&#8221; custom_margin=&#8221;||0px&#8221; custom_padding=&#8221;0|0px|0|0px|false|false&#8221; custom_width_px__hover=&#8221;1080px&#8221; custom_width_px__hover_enabled=&#8221;1080px&#8221; custom_width_percent__hover=&#8221;80%&#8221; custom_width_percent__hover_enabled=&#8221;80%&#8221; global_colors_info=&#8221;{}&#8221; make_fullwidth__hover=&#8221;off&#8221; make_fullwidth__hover_enabled=&#8221;off&#8221; use_custom_width__hover=&#8221;off&#8221; use_custom_width__hover_enabled=&#8221;off&#8221; width_unit__hover=&#8221;on&#8221; width_unit__hover_enabled=&#8221;on&#8221; use_custom_gutter__hover=&#8221;off&#8221; use_custom_gutter__hover_enabled=&#8221;off&#8221; gutter_width__hover=&#8221;3&#8243; gutter_width__hover_enabled=&#8221;3&#8243; make_equal__hover=&#8221;off&#8221; make_equal__hover_enabled=&#8221;off&#8221;][et_pb_column type=&#8221;4_4&#8243; _builder_version=&#8221;4.19.5&#8243; use_background_color_gradient=&#8221;on&#8221; background_color_gradient_stops=&#8221;rgba(42,46,64,0.71) 0%|rgba(42,46,64,0) 100%&#8221; background_color_gradient_overlays_image=&#8221;on&#8221; background_color_gradient_start=&#8221;rgba(42,46,64,0.71)&#8221; background_color_gradient_end=&#8221;rgba(42,46,64,0)&#8221; background_enable_image=&#8221;off&#8221; custom_padding=&#8221;||||true|true&#8221; custom_padding_tablet=&#8221;30px|30px|30px|30px|true|true&#8221; custom_padding_phone=&#8221;|||&#8221; custom_padding_last_edited=&#8221;off|desktop&#8221; global_colors_info=&#8221;{}&#8221; padding_phone=&#8221;|||&#8221; padding_tablet=&#8221;30px|30px|30px|30px|true|true&#8221; padding_last_edited=&#8221;on|phone&#8221; custom_padding__hover=&#8221;|||&#8221;][et_pb_blurb title=&#8221;ABOUT LEARN EUROPE&#8221; content_max_width=&#8221;1000px&#8221; _builder_version=&#8221;4.20.0&#8243; _module_preset=&#8221;default&#8221; header_level=&#8221;h1&#8243; header_text_align=&#8221;left&#8221; header_text_color=&#8221;#FFFFFF&#8221; use_background_color_gradient=&#8221;on&#8221; background_color_gradient_direction=&#8221;90deg&#8221; background_color_gradient_stops=&#8221;#afce33 0%|#ffffff 100%&#8221; global_colors_info=&#8221;{}&#8221;][\/et_pb_blurb][\/et_pb_column][\/et_pb_row][et_pb_row column_structure=&#8221;3_4,1_4&#8243; _builder_version=&#8221;4.20.0&#8243; _module_preset=&#8221;default&#8221; global_colors_info=&#8221;{}&#8221;][et_pb_column type=&#8221;3_4&#8243; _builder_version=&#8221;4.19.5&#8243; _module_preset=&#8221;default&#8221; global_colors_info=&#8221;{}&#8221;][et_pb_text _builder_version=&#8221;4.20.0&#8243; _module_preset=&#8221;default&#8221; global_colors_info=&#8221;{}&#8221;]<\/p>\n<p>La Universitat de Lleida (UdL) y la Universitat Oberta de Catalunya [<a href=\"http:\/\/www.uoc.edu\/\">www.uoc.edu<\/a>(Universitat Oberta de Catalunya, UOC) se han unido para llevar a cabo este proyecto educativo cuyo objetivo es promover el estudio de la Uni\u00f3n Europea a trav\u00e9s del uso de las nuevas tecnolog\u00edas.<\/p>\n<p>La UdL ha participado en este proyecto a trav\u00e9s de su<span>\u00a0<\/span><strong>Departamento de Geograf\u00eda y Sociolog\u00eda<\/strong>. En 1997, este departamento inici\u00f3 una l\u00ednea de investigaci\u00f3n sobre la geograf\u00eda y la historia de Europa basada en datos emp\u00edricos y cartograf\u00eda cuyo objetivo era aprovechar todo el potencial de los Sistemas de Informaci\u00f3n Geogr\u00e1fica (SIG) para realizar un an\u00e1lisis espacial de Europa desde mediados del siglo XIX hasta la actualidad. Desde el inicio del proyecto, esta iniciativa recibi\u00f3 financiaci\u00f3n del Ministerio de Educaci\u00f3n de Espa\u00f1a; de la Agencia Catalana de Ciencia (AGAUR e ICREA-Academia); de varios proyectos Jean Monnet (durante los \u00faltimos a\u00f1os); y de un programa Eurocores de la Fundaci\u00f3n Europea de la Ciencia que, entre 2007 y 2010, cont\u00f3 con la participaci\u00f3n de siete equipos basados en diferentes pa\u00edses que trabajaron bajo el liderazgo de la UdL, con un presupuesto de 1,4 millones de euros. Esta actividad cient\u00edfica dio lugar, en 2012, a un inter\u00e9s por difundir este trabajo en un contexto educativo m\u00e1s amplio. La financiaci\u00f3n del proyecto Jean Monnet ofrec\u00eda una oportunidad \u00fanica para convertir este trabajo acad\u00e9mico en una serie de herramientas pedag\u00f3gicas que ayudaran a los estudiantes a comprender Europa.<\/p>\n<p>El Departamento de Iniciativas Comunitarias de la UOC [<a href=\"http:\/\/icommunity.blogs.uoc.edu\/\">icommunity.blogs.uoc.edu<\/a>] ha dise\u00f1ado y desarrollado la plataforma Learn Europe desde la perspectiva del dise\u00f1o centrado en el usuario. Ha aportado su experiencia a la creaci\u00f3n, adaptaci\u00f3n y transferencia de herramientas usables, accesibles y multidispositivo que pueden utilizarse para promover el aprendizaje tanto formal como informal y fomentar el sentimiento de pertenencia y proximidad dentro de entornos virtuales.<\/p>\n<p>El equipo de la UdL que ha colaborado en el desarrollo de este sitio web incluye:<\/p>\n<ul>\n<li>Director del proyecto: Jordi Mart\u00ed-Henneberg<\/li>\n<li>Documentalista: Ignasi Segu\u00ed Arnau<\/li>\n<\/ul>\n<p>Otros colaboradores implicados en la elaboraci\u00f3n de mapas:<\/p>\n<ul>\n<li>Alfons Aguilar<\/li>\n<li>Mateu Morillas-Torn\u00e9<\/li>\n<li>Jordi Martin<\/li>\n<\/ul>\n<p><span lang=\"en\">El Departamento de Iniciativas Comunitarias de la UOC ha contado con la ayuda de:<br \/><\/span><\/p>\n<ul>\n<li>Dise\u00f1ador: Miguel Mazar\u00edo<\/li>\n<li>Webmaster: Gemma Pall\u00e0s<\/li>\n<\/ul>\n<p>[\/et_pb_text][\/et_pb_column][et_pb_column type=&#8221;1_4&#8243; _builder_version=&#8221;4.19.5&#8243; _module_preset=&#8221;default&#8221; global_colors_info=&#8221;{}&#8221;][\/et_pb_column][\/et_pb_row][\/et_pb_section]<\/p>","protected":false},"excerpt":{"rendered":"<p>The Universitat de Lleida (University of Lleida, UdL) and the Universitat Oberta de Catalunya [www.uoc.edu] (Open University of Catalonia, UOC) have joined forces to deliver this educational project whose goal is to promote the study of the European Union through the use of new technologies. The UdL has participated in this project through its\u00a0Department of [&hellip;]<\/p>","protected":false},"author":1,"featured_media":0,"parent":0,"menu_order":0,"comment_status":"closed","ping_status":"open","template":"","meta":{"_et_pb_use_builder":"on","_et_pb_old_content":"","_et_gb_content_width":"","footnotes":""},"_links":{"self":[{"href":"https:\/\/learneurope.eu\/es\/wp-json\/wp\/v2\/pages\/573"}],"collection":[{"href":"https:\/\/learneurope.eu\/es\/wp-json\/wp\/v2\/pages"}],"about":[{"href":"https:\/\/learneurope.eu\/es\/wp-json\/wp\/v2\/types\/page"}],"author":[{"embeddable":true,"href":"https:\/\/learneurope.eu\/es\/wp-json\/wp\/v2\/users\/1"}],"replies":[{"embeddable":true,"href":"https:\/\/learneurope.eu\/es\/wp-json\/wp\/v2\/comments?post=573"}],"version-history":[{"count":4,"href":"https:\/\/learneurope.eu\/es\/wp-json\/wp\/v2\/pages\/573\/revisions"}],"predecessor-version":[{"id":911,"href":"https:\/\/learneurope.eu\/es\/wp-json\/wp\/v2\/pages\/573\/revisions\/911"}],"wp:attachment":[{"href":"https:\/\/learneurope.eu\/es\/wp-json\/wp\/v2\/media?parent=573"}],"curies":[{"name":"wp","href":"https:\/\/api.w.org\/{rel}","templated":true}]}}