{"id":244,"date":"2023-02-16T11:44:06","date_gmt":"2023-02-16T11:44:06","guid":{"rendered":"https:\/\/learneurope.eu\/?page_id=244"},"modified":"2023-03-19T14:42:25","modified_gmt":"2023-03-19T14:42:25","slug":"maps","status":"publish","type":"page","link":"https:\/\/learneurope.eu\/es\/mapas\/","title":{"rendered":"MAPAS"},"content":{"rendered":"<p>[et_pb_section fb_built=&#8221;1&#8243; _builder_version=&#8221;4.16&#8243; custom_padding=&#8221;54px||0||false|false&#8221; global_colors_info=&#8221;{}&#8221;][et_pb_row use_custom_gutter=&#8221;on&#8221; gutter_width=&#8221;1&#8243; make_equal=&#8221;on&#8221; padding_top_bottom_link_1=&#8221;true&#8221; padding_top_bottom_link_2=&#8221;false&#8221; padding_left_right_link_1=&#8221;true&#8221; _builder_version=&#8221;4.19.5&#8243; background_enable_color=&#8221;off&#8221; custom_margin=&#8221;||0px&#8221; custom_padding=&#8221;0|0px|0|0px|false|false&#8221; custom_width_px__hover=&#8221;1080px&#8221; custom_width_px__hover_enabled=&#8221;1080px&#8221; custom_width_percent__hover=&#8221;80%&#8221; custom_width_percent__hover_enabled=&#8221;80%&#8221; global_colors_info=&#8221;{}&#8221; make_fullwidth__hover=&#8221;off&#8221; make_fullwidth__hover_enabled=&#8221;off&#8221; use_custom_width__hover=&#8221;off&#8221; use_custom_width__hover_enabled=&#8221;off&#8221; width_unit__hover=&#8221;on&#8221; width_unit__hover_enabled=&#8221;on&#8221; use_custom_gutter__hover=&#8221;off&#8221; use_custom_gutter__hover_enabled=&#8221;off&#8221; gutter_width__hover=&#8221;3&#8243; gutter_width__hover_enabled=&#8221;3&#8243; make_equal__hover=&#8221;off&#8221; make_equal__hover_enabled=&#8221;off&#8221;][et_pb_column type=&#8221;4_4&#8243; _builder_version=&#8221;4.19.5&#8243; use_background_color_gradient=&#8221;on&#8221; background_color_gradient_stops=&#8221;rgba(42,46,64,0.71) 0%|rgba(42,46,64,0) 100%&#8221; background_color_gradient_overlays_image=&#8221;on&#8221; background_color_gradient_start=&#8221;rgba(42,46,64,0.71)&#8221; background_color_gradient_end=&#8221;rgba(42,46,64,0)&#8221; background_enable_image=&#8221;off&#8221; custom_padding=&#8221;||||true|true&#8221; custom_padding_tablet=&#8221;30px|30px|30px|30px|true|true&#8221; custom_padding_phone=&#8221;|||&#8221; custom_padding_last_edited=&#8221;off|desktop&#8221; global_colors_info=&#8221;{}&#8221; padding_phone=&#8221;|||&#8221; padding_tablet=&#8221;30px|30px|30px|30px|true|true&#8221; padding_last_edited=&#8221;on|phone&#8221; custom_padding__hover=&#8221;|||&#8221;][et_pb_blurb title=&#8221;MAPS&#8221; content_max_width=&#8221;895px&#8221; _builder_version=&#8221;4.20.2&#8243; _module_preset=&#8221;default&#8221; header_level=&#8221;h1&#8243; header_font=&#8221;|700|||||||&#8221; header_text_align=&#8221;left&#8221; header_text_color=&#8221;#FFFFFF&#8221; header_font_size=&#8221;16px&#8221; header_line_height=&#8221;3em&#8221; background_image=&#8221;http:\/\/learneurope.eu\/wp-content\/uploads\/2023\/02\/cabecera_mapas.png&#8221; min_height=&#8221;200px&#8221; custom_padding=&#8221;60px||||false|false&#8221; custom_padding_tablet=&#8221;60px||||false|false&#8221; custom_padding_phone=&#8221;60px||||false|false&#8221; custom_padding_last_edited=&#8221;on|desktop&#8221; header_text_align_tablet=&#8221;center&#8221; header_text_align_phone=&#8221;center&#8221; header_text_align_last_edited=&#8221;on|tablet&#8221; header_font_size_tablet=&#8221;16px&#8221; header_font_size_phone=&#8221;16px&#8221; header_font_size_last_edited=&#8221;on|desktop&#8221; global_colors_info=&#8221;{}&#8221;][\/et_pb_blurb][\/et_pb_column][\/et_pb_row][et_pb_row column_structure=&#8221;3_5,2_5&#8243; _builder_version=&#8221;4.19.5&#8243; _module_preset=&#8221;default&#8221; global_colors_info=&#8221;{}&#8221;][et_pb_column type=&#8221;3_5&#8243; _builder_version=&#8221;4.19.5&#8243; _module_preset=&#8221;default&#8221; global_colors_info=&#8221;{}&#8221;][et_pb_menu menu_id=&#8221;27&#8243; active_link_color=&#8221;#afce33&#8243; _builder_version=&#8221;4.20.0&#8243; _module_preset=&#8221;default&#8221; menu_font=&#8221;|600|||||||&#8221; menu_text_color=&#8221;#afce33&#8243; menu_font_size=&#8221;15px&#8221; global_colors_info=&#8221;{}&#8221;][\/et_pb_menu][\/et_pb_column][et_pb_column type=&#8221;2_5&#8243; _builder_version=&#8221;4.19.5&#8243; _module_preset=&#8221;default&#8221; global_colors_info=&#8221;{}&#8221;][et_pb_search _builder_version=&#8221;4.20.0&#8243; _module_preset=&#8221;default&#8221; form_field_text_color=&#8221;#afce33&#8243; global_colors_info=&#8221;{}&#8221;][\/et_pb_search][\/et_pb_column][\/et_pb_row][et_pb_row _builder_version=&#8221;4.20.2&#8243; _module_preset=&#8221;default&#8221; global_colors_info=&#8221;{}&#8221;][et_pb_column type=&#8221;4_4&#8243; _builder_version=&#8221;4.20.0&#8243; _module_preset=&#8221;default&#8221; global_colors_info=&#8221;{}&#8221;][brbl_post_masonry include_categories=&#8221;29&#8243; order_by=&#8221;rand&#8221; post_count=&#8221;50&#8243; column_gap_x=&#8221;8px&#8221; column_gap_y=&#8221;8px&#8221; show_thumb=&#8221;off&#8221; excerpt_length=&#8221;300&#8243; show_categories=&#8221;on&#8221; show_first_category=&#8221;on&#8221; show_meta=&#8221;off&#8221; category_offset=&#8221;0px&#8221; category_bg=&#8221;#afce33&#8243; _builder_version=&#8221;4.20.2&#8243; _module_preset=&#8221;default&#8221; title_level=&#8221;h2&#8243; hover_enabled=&#8221;0&#8243; global_colors_info=&#8221;{}&#8221; column_count_last_edited=&#8221;on|desktop&#8221; column_count_phone=&#8221;1&#8243; sticky_enabled=&#8221;0&#8243; column_count_tablet=&#8221;1&#8243;][\/brbl_post_masonry][\/et_pb_column][\/et_pb_row][\/et_pb_section]<\/p>","protected":false},"excerpt":{"rendered":"<div class=\"et_pb_module brbl_post_masonry brbl_post_masonry_0\">\n\t\t\t\t\n\t\t\t\t\n\t\t\t\t\n\t\t\t\t\n\t\t\t\t\n\t\t\t\t\n\t\t\t\t<div class=\"et_pb_module_inner\">\n\t\t\t\t\t<div class=\"brbl-module brbl-post-masonry\" data-options=\"{&quot;layout&quot;:&quot;masonry-1&quot;,&quot;blog_order&quot;:0,&quot;pagination_type&quot;:&quot;&quot;,&quot;loadmore_type&quot;:&quot;scroll&quot;}\">\r\n                <div class=\"brbl-blog-items brbl-blog brbl-blog-scroll-0\"><div class=\"brbl-blog-item brbl-blog-item-masonry-1-0\">\r\n        <article class=\"brbl-masonry-card brbl-post-masonry-1\">\r\n            \r\n            <div class=\"brbl-masonry-categories\" xyx=\"29\"><a rel=\"tag\" href=\"https:\/\/learneurope.eu\/es\/category\/mapas\/\">Mapas<\/a><\/div>\r\n            <div class=\"brbl-masonry-content\">\r\n\t\t\t\t\r\n                <h2 class=\"brbl-post-title\">\r\n                <a href=\"https:\/\/learneurope.eu\/es\/politica-agricola-comun\/\">Pol\u00edtica Agr\u00edcola Com\u00fan<\/a>\r\n            <\/h2>\r\n                <div class=\"brbl-post-excerpt\">GEOGRAF\u00cdA DE LA POL\u00cdTICA AGR\u00cdCOLA COM\u00daN Objetivos espec\u00edficos y competencias Conocer c\u00f3mo apoya la UE a sus productores de alimentos. Comprender los principios y objetivos de la PAC. Comprender c\u00f3mo afectan al comercio internacional las pol\u00edticas p\u00fablicas de apoyo al sector agrario Contenidos La...<\/div>\r\n                \r\n            <\/div>\r\n        <\/article>\r\n    <\/div><div class=\"brbl-blog-item brbl-blog-item-masonry-1-0\">\r\n        <article class=\"brbl-masonry-card brbl-post-masonry-1\">\r\n            \r\n            <div class=\"brbl-masonry-categories\" xyx=\"29\"><a rel=\"tag\" href=\"https:\/\/learneurope.eu\/es\/category\/mapas\/\">Mapas<\/a><\/div>\r\n            <div class=\"brbl-masonry-content\">\r\n\t\t\t\t\r\n                <h2 class=\"brbl-post-title\">\r\n                <a href=\"https:\/\/learneurope.eu\/es\/europa-despues-de-la-segunda-guerra-mundial\/\">Europa despu\u00e9s de la Segunda Guerra Mundial<\/a>\r\n            <\/h2>\r\n                <div class=\"brbl-post-excerpt\">EUROPA DESPU\u00c9S DE LA II GUERRA MUNDIAL HISTORIA Objetivos espec\u00edficos y competencias Superar las dificultades mediante la colaboraci\u00f3n y el entendimiento. Comprender la arquitectura institucional internacional surgida tras la II Guerra Mundial. Comprender las razones que dieron lugar al inicio del proceso de...<\/div>\r\n                \r\n            <\/div>\r\n        <\/article>\r\n    <\/div><div class=\"brbl-blog-item brbl-blog-item-masonry-1-0\">\r\n        <article class=\"brbl-masonry-card brbl-post-masonry-1\">\r\n            \r\n            <div class=\"brbl-masonry-categories\" xyx=\"29\"><a rel=\"tag\" href=\"https:\/\/learneurope.eu\/es\/category\/mapas\/\">Mapas<\/a><\/div>\r\n            <div class=\"brbl-masonry-content\">\r\n\t\t\t\t\r\n                <h2 class=\"brbl-post-title\">\r\n                <a href=\"https:\/\/learneurope.eu\/es\/tensiones-secesionistas-en-la-ue\/\">Tensiones secesionistas en la UE<\/a>\r\n            <\/h2>\r\n                <div class=\"brbl-post-excerpt\">TENSIONES SESIONISTAS DENTRO DE LA GEOGRAF\u00cdA DE LA UE Objetivos espec\u00edficos y competencias Identificar las regiones que potencialmente podr\u00edan tratar de convertirse en nuevos Estados de la UE. Entender qu\u00e9 hay detr\u00e1s de los movimientos secesionistas dentro de la UE. Comprender los posibles efectos positivos y negativos de...<\/div>\r\n                \r\n            <\/div>\r\n        <\/article>\r\n    <\/div><div class=\"brbl-blog-item brbl-blog-item-masonry-1-0\">\r\n        <article class=\"brbl-masonry-card brbl-post-masonry-1\">\r\n            \r\n            <div class=\"brbl-masonry-categories\" xyx=\"29\"><a rel=\"tag\" href=\"https:\/\/learneurope.eu\/es\/category\/mapas\/\">Mapas<\/a><\/div>\r\n            <div class=\"brbl-masonry-content\">\r\n\t\t\t\t\r\n                <h2 class=\"brbl-post-title\">\r\n                <a href=\"https:\/\/learneurope.eu\/es\/las-instituciones-de-la-ue\/\">Las instituciones de la UE<\/a>\r\n            <\/h2>\r\n                <div class=\"brbl-post-excerpt\">LAS INSTITUCIONES DE LA UE HISTORIA Objetivos espec\u00edficos y competencias Reconocer las principales instituciones de la UE, su ubicaci\u00f3n y sus funciones. Comprender el papel de la Comisi\u00f3n Europea, el Parlamento Europeo y el Consejo de la UE en el proceso de toma de decisiones. Comprender c\u00f3mo...<\/div>\r\n                \r\n            <\/div>\r\n        <\/article>\r\n    <\/div><div class=\"brbl-blog-item brbl-blog-item-masonry-1-0\">\r\n        <article class=\"brbl-masonry-card brbl-post-masonry-1\">\r\n            \r\n            <div class=\"brbl-masonry-categories\" xyx=\"29\"><a rel=\"tag\" href=\"https:\/\/learneurope.eu\/es\/category\/mapas\/\">Mapas<\/a><\/div>\r\n            <div class=\"brbl-masonry-content\">\r\n\t\t\t\t\r\n                <h2 class=\"brbl-post-title\">\r\n                <a href=\"https:\/\/learneurope.eu\/es\/la-politica-regional-de-la-ue\/\">La pol\u00edtica regional de la UE<\/a>\r\n            <\/h2>\r\n                <div class=\"brbl-post-excerpt\">LA POL\u00cdTICA REGIONAL DE LA UE GEOGRAF\u00cdA Objetivos espec\u00edficos y competencias Conocer los principales fondos destinados a la pol\u00edtica regional. Comprender los criterios de concesi\u00f3n de las ayudas de los fondos de cohesi\u00f3n de la UE. Contenidos La pol\u00edtica regional de la UE, tambi\u00e9n denominada Pol\u00edtica de Cohesi\u00f3n, tiene como objetivo...<\/div>\r\n                \r\n            <\/div>\r\n        <\/article>\r\n    <\/div><div class=\"brbl-blog-item brbl-blog-item-masonry-1-0\">\r\n        <article class=\"brbl-masonry-card brbl-post-masonry-1\">\r\n            \r\n            <div class=\"brbl-masonry-categories\" xyx=\"29\"><a rel=\"tag\" href=\"https:\/\/learneurope.eu\/es\/category\/mapas\/\">Mapas<\/a><\/div>\r\n            <div class=\"brbl-masonry-content\">\r\n\t\t\t\t\r\n                <h2 class=\"brbl-post-title\">\r\n                <a href=\"https:\/\/learneurope.eu\/es\/ampliaciones\/\">Ampliaciones<\/a>\r\n            <\/h2>\r\n                <div class=\"brbl-post-excerpt\">HISTORIA DE LAS AMPLIACIONES Objetivos espec\u00edficos y competencias Distinguir las distintas fases de ampliaci\u00f3n por las que ha pasado la UE, qu\u00e9 pa\u00edses han participado en cada una de ellas y qu\u00e9 pa\u00edses se encuentran actualmente en proceso de adhesi\u00f3n a la UE. Qu\u00e9 pa\u00edses entraron en la UE en cada una de...<\/div>\r\n                \r\n            <\/div>\r\n        <\/article>\r\n    <\/div><div class=\"brbl-blog-item brbl-blog-item-masonry-1-0\">\r\n        <article class=\"brbl-masonry-card brbl-post-masonry-1\">\r\n            \r\n            <div class=\"brbl-masonry-categories\" xyx=\"29\"><a rel=\"tag\" href=\"https:\/\/learneurope.eu\/es\/category\/mapas\/\">Mapas<\/a><\/div>\r\n            <div class=\"brbl-masonry-content\">\r\n\t\t\t\t\r\n                <h2 class=\"brbl-post-title\">\r\n                <a href=\"https:\/\/learneurope.eu\/es\/modelos-de-estado-del-bienestar-en-europa\/\">Modelos de Estado del Bienestar en Europa<\/a>\r\n            <\/h2>\r\n                <div class=\"brbl-post-excerpt\">MODELOS DEL ESTADO DEL BIENESTAR EN EUROPA ECONOM\u00cdA Objetivos Espec\u00edficos y Competencias Conocer los or\u00edgenes y los fundamentos del estado del bienestar en Europa. Conocer los diferentes modelos de estado del bienestar en Europa. Identificar los problemas actuales para el mantenimiento del sistema de protecci\u00f3n social....<\/div>\r\n                \r\n            <\/div>\r\n        <\/article>\r\n    <\/div><div class=\"brbl-blog-item brbl-blog-item-masonry-1-0\">\r\n        <article class=\"brbl-masonry-card brbl-post-masonry-1\">\r\n            \r\n            <div class=\"brbl-masonry-categories\" xyx=\"29\"><a rel=\"tag\" href=\"https:\/\/learneurope.eu\/es\/category\/mapas\/\">Mapas<\/a><\/div>\r\n            <div class=\"brbl-masonry-content\">\r\n\t\t\t\t\r\n                <h2 class=\"brbl-post-title\">\r\n                <a href=\"https:\/\/learneurope.eu\/es\/politica-europea-de-vecindad\/\">Pol\u00edtica Europea de Vecindad<\/a>\r\n            <\/h2>\r\n                <div class=\"brbl-post-excerpt\">GEOGRAF\u00cdA DE LA POL\u00cdTICA EUROPEA DE VECINOS Objetivos espec\u00edficos y competencias Conocer c\u00f3mo estructura la UE sus relaciones con sus vecinos m\u00e1s pr\u00f3ximos. Descubrir los proyectos o \u00e1reas de inter\u00e9s en los que se basan este tipo de asociaciones. Contenidos La Pol\u00edtica Europea de Vecindad...<\/div>\r\n                \r\n            <\/div>\r\n        <\/article>\r\n    <\/div><div class=\"brbl-blog-item brbl-blog-item-masonry-1-0\">\r\n        <article class=\"brbl-masonry-card brbl-post-masonry-1\">\r\n            \r\n            <div class=\"brbl-masonry-categories\" xyx=\"29\"><a rel=\"tag\" href=\"https:\/\/learneurope.eu\/es\/category\/mapas\/\">Mapas<\/a><\/div>\r\n            <div class=\"brbl-masonry-content\">\r\n\t\t\t\t\r\n                <h2 class=\"brbl-post-title\">\r\n                <a href=\"https:\/\/learneurope.eu\/es\/el-euro\/\">EL EURO<\/a>\r\n            <\/h2>\r\n                <div class=\"brbl-post-excerpt\">LA EURO ECONOM\u00cdA Objetivos espec\u00edficos y competencias Conocer el origen de la moneda \u00fanica y qu\u00e9 pa\u00edses forman parte de ella. Comprender los principios que rigen la pol\u00edtica monetaria de la zona euro. Comprender el papel del BCE como coordinador de la pol\u00edtica monetaria dentro de la...<\/div>\r\n                \r\n            <\/div>\r\n        <\/article>\r\n    <\/div><div class=\"brbl-blog-item brbl-blog-item-masonry-1-0\">\r\n        <article class=\"brbl-masonry-card brbl-post-masonry-1\">\r\n            \r\n            <div class=\"brbl-masonry-categories\" xyx=\"29\"><a rel=\"tag\" href=\"https:\/\/learneurope.eu\/es\/category\/mapas\/\">Mapas<\/a><\/div>\r\n            <div class=\"brbl-masonry-content\">\r\n\t\t\t\t\r\n                <h2 class=\"brbl-post-title\">\r\n                <a href=\"https:\/\/learneurope.eu\/es\/redes-de-transporte-en-europa\/\">Redes de transporte en Europa<\/a>\r\n            <\/h2>\r\n                <div class=\"brbl-post-excerpt\">REDES DE TRANSPORTE EN EUROPA GEOGRAF\u00cdA Objetivos espec\u00edficos y competencias Conocer los objetivos y principios que determinan la pol\u00edtica europea de transportes Identificar los principales corredores de transporte de la UE. Comprender la necesidad de un transporte sostenible. Contenidos La UE ha...<\/div>\r\n                \r\n            <\/div>\r\n        <\/article>\r\n    <\/div><div class=\"brbl-blog-item brbl-blog-item-masonry-1-0\">\r\n        <article class=\"brbl-masonry-card brbl-post-masonry-1\">\r\n            \r\n            <div class=\"brbl-masonry-categories\" xyx=\"29\"><a rel=\"tag\" href=\"https:\/\/learneurope.eu\/es\/category\/mapas\/\">Mapas<\/a><\/div>\r\n            <div class=\"brbl-masonry-content\">\r\n\t\t\t\t\r\n                <h2 class=\"brbl-post-title\">\r\n                <a href=\"https:\/\/learneurope.eu\/es\/organizacion-politica-de-los-paises-de-la-ue\/\">Organizaci\u00f3n pol\u00edtica de los pa\u00edses de la UE<\/a>\r\n            <\/h2>\r\n                <div class=\"brbl-post-excerpt\">ORGANIZACI\u00d3N POL\u00cdTICA DE LOS PA\u00cdSES DE LA UE GEOGRAF\u00cdA Objetivos espec\u00edficos y competencias Conocer los sistemas pol\u00edticos de los pa\u00edses europeos. Identificar las principales diferencias entre los distintos sistemas pol\u00edticos europeos Contenidos Los sistemas de gobierno de la UE pueden dividirse...<\/div>\r\n                \r\n            <\/div>\r\n        <\/article>\r\n    <\/div><div class=\"brbl-blog-item brbl-blog-item-masonry-1-0\">\r\n        <article class=\"brbl-masonry-card brbl-post-masonry-1\">\r\n            \r\n            <div class=\"brbl-masonry-categories\" xyx=\"29\"><a rel=\"tag\" href=\"https:\/\/learneurope.eu\/es\/category\/mapas\/\">Mapas<\/a><\/div>\r\n            <div class=\"brbl-masonry-content\">\r\n\t\t\t\t\r\n                <h2 class=\"brbl-post-title\">\r\n                <a href=\"https:\/\/learneurope.eu\/es\/the-fall-of-the-berlin-wall-and-the-reunification-of-germany\/\">La ca\u00edda del Muro de Berl\u00edn y la reunificaci\u00f3n de Alemania<\/a>\r\n            <\/h2>\r\n                <div class=\"brbl-post-excerpt\">LA CA\u00cdDA DEL MURO DE BERL\u00cdN Y LA REUNIFICACI\u00d3N DE ALEMANIA HISTORIA Objetivos espec\u00edficos y competencias Comprender la importancia que tuvo para Europa el fin de la separaci\u00f3n de Alemania. Comprender la l\u00f3gica de las relaciones internacionales durante el per\u00edodo de la Guerra Fr\u00eda. Comprobar la diferencia de...<\/div>\r\n                \r\n            <\/div>\r\n        <\/article>\r\n    <\/div><div class=\"brbl-blog-item brbl-blog-item-masonry-1-0\">\r\n        <article class=\"brbl-masonry-card brbl-post-masonry-1\">\r\n            \r\n            <div class=\"brbl-masonry-categories\" xyx=\"29\"><a rel=\"tag\" href=\"https:\/\/learneurope.eu\/es\/category\/mapas\/\">Mapas<\/a><\/div>\r\n            <div class=\"brbl-masonry-content\">\r\n\t\t\t\t\r\n                <h2 class=\"brbl-post-title\">\r\n                <a href=\"https:\/\/learneurope.eu\/es\/el-papel-de-la-ue-en-el-ambito-internacional\/\">El papel de la UE en la escena internacional<\/a>\r\n            <\/h2>\r\n                <div class=\"brbl-post-excerpt\">EL PAPEL DE LA UE EN EL \u00c1MBITO INTERNACIONAL HISTORIA Objetivos espec\u00edficos y competencias Comprender los principios en los que se basa la pol\u00edtica exterior de la UE. Descubrir el tipo de acciones emprendidas por la UE con respecto a terceros pa\u00edses. Identificar las debilidades de la...<\/div>\r\n                \r\n            <\/div>\r\n        <\/article>\r\n    <\/div><div class=\"brbl-blog-item brbl-blog-item-masonry-1-0\">\r\n        <article class=\"brbl-masonry-card brbl-post-masonry-1\">\r\n            \r\n            <div class=\"brbl-masonry-categories\" xyx=\"29\"><a rel=\"tag\" href=\"https:\/\/learneurope.eu\/es\/category\/mapas\/\">Mapas<\/a><\/div>\r\n            <div class=\"brbl-masonry-content\">\r\n\t\t\t\t\r\n                <h2 class=\"brbl-post-title\">\r\n                <a href=\"https:\/\/learneurope.eu\/es\/politica-energetica\/\">Pol\u00edtica energ\u00e9tica<\/a>\r\n            <\/h2>\r\n                <div class=\"brbl-post-excerpt\">POL\u00cdTICA ENERG\u00c9TICA ECONOM\u00cdA Objetivos espec\u00edficos y competencias Conocer las prioridades y objetivos de la pol\u00edtica energ\u00e9tica de la UE. Comprender la importancia de la necesidad de reducir la dependencia energ\u00e9tica de la UE Contenidos La pol\u00edtica energ\u00e9tica forma parte de las competencias...<\/div>\r\n                \r\n            <\/div>\r\n        <\/article>\r\n    <\/div><div class=\"brbl-blog-item brbl-blog-item-masonry-1-0\">\r\n        <article class=\"brbl-masonry-card brbl-post-masonry-1\">\r\n            \r\n            <div class=\"brbl-masonry-categories\" xyx=\"29\"><a rel=\"tag\" href=\"https:\/\/learneurope.eu\/es\/category\/mapas\/\">Mapas<\/a><\/div>\r\n            <div class=\"brbl-masonry-content\">\r\n\t\t\t\t\r\n                <h2 class=\"brbl-post-title\">\r\n                <a href=\"https:\/\/learneurope.eu\/es\/politica-comercial\/\">Pol\u00edtica comercial<\/a>\r\n            <\/h2>\r\n                <div class=\"brbl-post-excerpt\">ECONOM\u00cdA POL\u00cdTICA COMERCIAL Objetivos espec\u00edficos y competencias Conocer la importancia de la UE como bloque comercial. Comprender las tendencias actuales del comercio internacional. Identificar los principales puntos de conflicto en el comercio internacional. Contenidos La pol\u00edtica comercial es una de las competencias exclusivas de la...<\/div>\r\n                \r\n            <\/div>\r\n        <\/article>\r\n    <\/div><\/div><nav class=\"brbl-pagination\" role=\"navigation\" aria-label=\"Paginaci\u00f3n\"><\/nav>\r\n\t\t\t<\/div>\n\t\t\t\t<\/div>\n\t\t\t<\/div>","protected":false},"author":1,"featured_media":0,"parent":0,"menu_order":0,"comment_status":"closed","ping_status":"open","template":"","meta":{"_et_pb_use_builder":"on","_et_pb_old_content":"","_et_gb_content_width":"","footnotes":""},"_links":{"self":[{"href":"https:\/\/learneurope.eu\/es\/wp-json\/wp\/v2\/pages\/244"}],"collection":[{"href":"https:\/\/learneurope.eu\/es\/wp-json\/wp\/v2\/pages"}],"about":[{"href":"https:\/\/learneurope.eu\/es\/wp-json\/wp\/v2\/types\/page"}],"author":[{"embeddable":true,"href":"https:\/\/learneurope.eu\/es\/wp-json\/wp\/v2\/users\/1"}],"replies":[{"embeddable":true,"href":"https:\/\/learneurope.eu\/es\/wp-json\/wp\/v2\/comments?post=244"}],"version-history":[{"count":5,"href":"https:\/\/learneurope.eu\/es\/wp-json\/wp\/v2\/pages\/244\/revisions"}],"predecessor-version":[{"id":785,"href":"https:\/\/learneurope.eu\/es\/wp-json\/wp\/v2\/pages\/244\/revisions\/785"}],"wp:attachment":[{"href":"https:\/\/learneurope.eu\/es\/wp-json\/wp\/v2\/media?parent=244"}],"curies":[{"name":"wp","href":"https:\/\/api.w.org\/{rel}","templated":true}]}}