{"id":229,"date":"2023-02-16T11:32:15","date_gmt":"2023-02-16T11:32:15","guid":{"rendered":"https:\/\/learneurope.eu\/?page_id=229"},"modified":"2023-03-19T14:38:00","modified_gmt":"2023-03-19T14:38:00","slug":"augmented-reality","status":"publish","type":"page","link":"https:\/\/learneurope.eu\/es\/realidad-aumentada\/","title":{"rendered":"REALIDAD AUMENTADA"},"content":{"rendered":"<p>[et_pb_section fb_built=&#8221;1&#8243; _builder_version=&#8221;4.16&#8243; custom_padding=&#8221;54px||0||false|false&#8221; global_colors_info=&#8221;{}&#8221;][et_pb_row use_custom_gutter=&#8221;on&#8221; gutter_width=&#8221;1&#8243; make_equal=&#8221;on&#8221; padding_top_bottom_link_1=&#8221;true&#8221; padding_top_bottom_link_2=&#8221;false&#8221; padding_left_right_link_1=&#8221;true&#8221; _builder_version=&#8221;4.19.5&#8243; background_enable_color=&#8221;off&#8221; custom_margin=&#8221;||0px&#8221; custom_padding=&#8221;0|0px|0|0px|false|false&#8221; custom_width_px__hover=&#8221;1080px&#8221; custom_width_px__hover_enabled=&#8221;1080px&#8221; custom_width_percent__hover=&#8221;80%&#8221; custom_width_percent__hover_enabled=&#8221;80%&#8221; global_colors_info=&#8221;{}&#8221; make_fullwidth__hover=&#8221;off&#8221; make_fullwidth__hover_enabled=&#8221;off&#8221; use_custom_width__hover=&#8221;off&#8221; use_custom_width__hover_enabled=&#8221;off&#8221; width_unit__hover=&#8221;on&#8221; width_unit__hover_enabled=&#8221;on&#8221; use_custom_gutter__hover=&#8221;off&#8221; use_custom_gutter__hover_enabled=&#8221;off&#8221; gutter_width__hover=&#8221;3&#8243; gutter_width__hover_enabled=&#8221;3&#8243; make_equal__hover=&#8221;off&#8221; make_equal__hover_enabled=&#8221;off&#8221;][et_pb_column type=&#8221;4_4&#8243; _builder_version=&#8221;4.19.5&#8243; use_background_color_gradient=&#8221;on&#8221; background_color_gradient_stops=&#8221;rgba(42,46,64,0.71) 0%|rgba(42,46,64,0) 100%&#8221; background_color_gradient_overlays_image=&#8221;on&#8221; background_color_gradient_start=&#8221;rgba(42,46,64,0.71)&#8221; background_color_gradient_end=&#8221;rgba(42,46,64,0)&#8221; background_enable_image=&#8221;off&#8221; custom_padding=&#8221;||||true|true&#8221; custom_padding_tablet=&#8221;30px|30px|30px|30px|true|true&#8221; custom_padding_phone=&#8221;|||&#8221; custom_padding_last_edited=&#8221;off|desktop&#8221; global_colors_info=&#8221;{}&#8221; padding_phone=&#8221;|||&#8221; padding_tablet=&#8221;30px|30px|30px|30px|true|true&#8221; padding_last_edited=&#8221;on|phone&#8221; custom_padding__hover=&#8221;|||&#8221;][et_pb_blurb title=&#8221;AUGMENTED REALITY&#8221; content_max_width=&#8221;895px&#8221; _builder_version=&#8221;4.20.2&#8243; _module_preset=&#8221;default&#8221; header_level=&#8221;h1&#8243; header_font=&#8221;|700|||||||&#8221; header_text_align=&#8221;left&#8221; header_text_color=&#8221;#FFFFFF&#8221; header_font_size=&#8221;16px&#8221; header_line_height=&#8221;3em&#8221; background_image=&#8221;http:\/\/learneurope.eu\/wp-content\/uploads\/2023\/02\/cabecera_realidadaumentada.png&#8221; min_height=&#8221;200px&#8221; custom_padding=&#8221;60px||||false|false&#8221; custom_padding_tablet=&#8221;60px||||false|false&#8221; custom_padding_phone=&#8221;60px||||false|false&#8221; custom_padding_last_edited=&#8221;on|desktop&#8221; hover_enabled=&#8221;0&#8243; header_font_size_tablet=&#8221;16px&#8221; header_font_size_phone=&#8221;16px&#8221; header_font_size_last_edited=&#8221;on|desktop&#8221; global_colors_info=&#8221;{}&#8221; header_text_align_last_edited=&#8221;on|tablet&#8221; header_text_align_phone=&#8221;center&#8221; sticky_enabled=&#8221;0&#8243; header_text_align_tablet=&#8221;center&#8221;][\/et_pb_blurb][\/et_pb_column][\/et_pb_row][et_pb_row column_structure=&#8221;2_3,1_3&#8243; _builder_version=&#8221;4.19.5&#8243; _module_preset=&#8221;default&#8221; global_colors_info=&#8221;{}&#8221;][et_pb_column type=&#8221;2_3&#8243; _builder_version=&#8221;4.19.5&#8243; _module_preset=&#8221;default&#8221; global_colors_info=&#8221;{}&#8221;][et_pb_blog include_categories=&#8221;4&#8243; show_author=&#8221;off&#8221; _builder_version=&#8221;4.19.5&#8243; _module_preset=&#8221;default&#8221; global_colors_info=&#8221;{}&#8221;][\/et_pb_blog][\/et_pb_column][et_pb_column type=&#8221;1_3&#8243; _builder_version=&#8221;4.19.5&#8243; _module_preset=&#8221;default&#8221; global_colors_info=&#8221;{}&#8221;][et_pb_text _builder_version=&#8221;4.19.5&#8243; _module_preset=&#8221;default&#8221; global_colors_info=&#8221;{}&#8221;]<\/p>\n<h3>\u00bfQu\u00e9 es la realidad aumentada?<\/h3>\n<p>La Realidad Aumentada es una tecnolog\u00eda que permite mostrar informaci\u00f3n digital sobre la imagen del mundo real mostrada a trav\u00e9s de la c\u00e1mara de cualquier smartphone.<\/p>\n<p>[\/et_pb_text][et_pb_video src=&#8221;https:\/\/youtu.be\/c0dhM_SIYkU&#8221; image_src=&#8221;\/\/i.ytimg.com\/vi\/c0dhM_SIYkU\/hqdefault.jpg&#8221; _builder_version=&#8221;4.19.5&#8243; _module_preset=&#8221;default&#8221; global_colors_info=&#8221;{}&#8221;][\/et_pb_video][et_pb_text _builder_version=&#8221;4.19.5&#8243; _module_preset=&#8221;default&#8221; global_colors_info=&#8221;{}&#8221;]<\/p>\n<h3>C\u00f3mo utilizar la Realidad Aumentada (RA) en el aula<\/h3>\n<h4>1- Elegir un tema de trabajo<\/h4>\n<p>Algo cercano a sus alumnos que pueda gelocalizarse (por ejemplo, estaciones de ferrocarril)<\/p>\n<h4>2- Organizar una visita<\/h4>\n<p>Lleve a sus alumnos a diferentes lugares y h\u00e1gales producir contenidos digitales (por ejemplo, im\u00e1genes, v\u00eddeos, archivos de sonido).<\/p>\n<h4>3- Investigaci\u00f3n<\/h4>\n<p>Haz que tus alumnos investiguen sobre lugares concretos para que puedan complementar la informaci\u00f3n que han generado<\/p>\n<h4>4- Crear contenido AR<\/h4>\n<p>Haga que sus alumnos utilicen un sistema de gesti\u00f3n de contenidos AR (por ejemplo\u00a0<a href=\"http:\/\/www.hoppala-agency.com\/\">Hoppala<\/a>) para asociar la informaci\u00f3n a su geolocalizaci\u00f3n<\/p>\n<h4>5- Publique su contenido RA<\/h4>\n<p>Publicar el contenido de RA a trav\u00e9s de un navegador de RA (p. ej.\u00a0<a href=\"http:\/\/www.layar.com\/\">Layar<\/a>)<\/p>\n<p style=\"text-align: right;\"><a href='https:\/\/learneurope.eu\/es\/augmented-reality-orientations\/' class='small-button small#9ac00d'>LEER M\u00c1S<\/a><\/p>\n<p>[\/et_pb_text][\/et_pb_column][\/et_pb_row][\/et_pb_section]<\/p>","protected":false},"excerpt":{"rendered":"<p>What is Augmented Reality? Augmented Reality is a technology that allows to show digital information on top of the real world image shown through any smartphone&#8217;s camera.How to use Augmented Reality (AR) in the classroom 1- Choose a topic to work on Something close to your students that can be gelocalized (e.g. railway stations) 2- [&hellip;]<\/p>","protected":false},"author":1,"featured_media":0,"parent":0,"menu_order":0,"comment_status":"closed","ping_status":"open","template":"","meta":{"_et_pb_use_builder":"on","_et_pb_old_content":"","_et_gb_content_width":"","footnotes":""},"_links":{"self":[{"href":"https:\/\/learneurope.eu\/es\/wp-json\/wp\/v2\/pages\/229"}],"collection":[{"href":"https:\/\/learneurope.eu\/es\/wp-json\/wp\/v2\/pages"}],"about":[{"href":"https:\/\/learneurope.eu\/es\/wp-json\/wp\/v2\/types\/page"}],"author":[{"embeddable":true,"href":"https:\/\/learneurope.eu\/es\/wp-json\/wp\/v2\/users\/1"}],"replies":[{"embeddable":true,"href":"https:\/\/learneurope.eu\/es\/wp-json\/wp\/v2\/comments?post=229"}],"version-history":[{"count":10,"href":"https:\/\/learneurope.eu\/es\/wp-json\/wp\/v2\/pages\/229\/revisions"}],"predecessor-version":[{"id":781,"href":"https:\/\/learneurope.eu\/es\/wp-json\/wp\/v2\/pages\/229\/revisions\/781"}],"wp:attachment":[{"href":"https:\/\/learneurope.eu\/es\/wp-json\/wp\/v2\/media?parent=229"}],"curies":[{"name":"wp","href":"https:\/\/api.w.org\/{rel}","templated":true}]}}