{"id":207,"date":"2023-02-16T11:02:25","date_gmt":"2023-02-16T11:02:25","guid":{"rendered":"https:\/\/learneurope.eu\/?page_id=207"},"modified":"2023-03-19T14:38:25","modified_gmt":"2023-03-19T14:38:25","slug":"teaching-guide","status":"publish","type":"page","link":"https:\/\/learneurope.eu\/es\/guia-didactica\/","title":{"rendered":"GU\u00cdA DID\u00c1CTICA"},"content":{"rendered":"<p>[et_pb_section fb_built=&#8221;1&#8243; _builder_version=&#8221;4.16&#8243; custom_padding=&#8221;54px||0||false|false&#8221; global_colors_info=&#8221;{}&#8221;][et_pb_row use_custom_gutter=&#8221;on&#8221; gutter_width=&#8221;1&#8243; make_equal=&#8221;on&#8221; padding_top_bottom_link_1=&#8221;true&#8221; padding_top_bottom_link_2=&#8221;false&#8221; padding_left_right_link_1=&#8221;true&#8221; _builder_version=&#8221;4.19.5&#8243; background_enable_color=&#8221;off&#8221; custom_margin=&#8221;||0px&#8221; custom_padding=&#8221;0|0px|0|0px|false|false&#8221; custom_width_px__hover=&#8221;1080px&#8221; custom_width_px__hover_enabled=&#8221;1080px&#8221; custom_width_percent__hover=&#8221;80%&#8221; custom_width_percent__hover_enabled=&#8221;80%&#8221; global_colors_info=&#8221;{}&#8221; make_fullwidth__hover=&#8221;off&#8221; make_fullwidth__hover_enabled=&#8221;off&#8221; use_custom_width__hover=&#8221;off&#8221; use_custom_width__hover_enabled=&#8221;off&#8221; width_unit__hover=&#8221;on&#8221; width_unit__hover_enabled=&#8221;on&#8221; use_custom_gutter__hover=&#8221;off&#8221; use_custom_gutter__hover_enabled=&#8221;off&#8221; gutter_width__hover=&#8221;3&#8243; gutter_width__hover_enabled=&#8221;3&#8243; make_equal__hover=&#8221;off&#8221; make_equal__hover_enabled=&#8221;off&#8221;][et_pb_column type=&#8221;4_4&#8243; _builder_version=&#8221;4.19.5&#8243; use_background_color_gradient=&#8221;on&#8221; background_color_gradient_stops=&#8221;rgba(42,46,64,0.71) 0%|rgba(42,46,64,0) 100%&#8221; background_color_gradient_overlays_image=&#8221;on&#8221; background_color_gradient_start=&#8221;rgba(42,46,64,0.71)&#8221; background_color_gradient_end=&#8221;rgba(42,46,64,0)&#8221; background_enable_image=&#8221;off&#8221; custom_padding=&#8221;||||true|true&#8221; custom_padding_tablet=&#8221;30px|30px|30px|30px|true|true&#8221; custom_padding_phone=&#8221;|||&#8221; custom_padding_last_edited=&#8221;off|desktop&#8221; global_colors_info=&#8221;{}&#8221; padding_phone=&#8221;|||&#8221; padding_tablet=&#8221;30px|30px|30px|30px|true|true&#8221; padding_last_edited=&#8221;on|phone&#8221; custom_padding__hover=&#8221;|||&#8221;][et_pb_blurb title=&#8221;TEACHING GUIDE&#8221; content_max_width=&#8221;895px&#8221; _builder_version=&#8221;4.20.2&#8243; _module_preset=&#8221;default&#8221; header_level=&#8221;h1&#8243; header_font=&#8221;|700|||||||&#8221; header_text_align=&#8221;left&#8221; header_text_color=&#8221;#FFFFFF&#8221; header_font_size=&#8221;20px&#8221; header_line_height=&#8221;3em&#8221; background_image=&#8221;http:\/\/learneurope.eu\/wp-content\/uploads\/2023\/02\/cabecera_guiadidactica.png&#8221; min_height=&#8221;200px&#8221; custom_padding=&#8221;60px||||false|false&#8221; custom_padding_tablet=&#8221;60px||||false|false&#8221; custom_padding_phone=&#8221;60px||||false|false&#8221; custom_padding_last_edited=&#8221;on|desktop&#8221; header_text_align_tablet=&#8221;center&#8221; header_text_align_phone=&#8221;center&#8221; header_text_align_last_edited=&#8221;on|desktop&#8221; global_colors_info=&#8221;{}&#8221;][\/et_pb_blurb][\/et_pb_column][\/et_pb_row][et_pb_row column_structure=&#8221;3_5,2_5&#8243; _builder_version=&#8221;4.19.5&#8243; _module_preset=&#8221;default&#8221; global_colors_info=&#8221;{}&#8221;][et_pb_column type=&#8221;3_5&#8243; _builder_version=&#8221;4.19.5&#8243; _module_preset=&#8221;default&#8221; global_colors_info=&#8221;{}&#8221;][et_pb_text _builder_version=&#8221;4.19.5&#8243; _module_preset=&#8221;default&#8221; global_colors_info=&#8221;{}&#8221;]<\/p>\n<h2 lang=\"es-ES\"><strong>Presentaci\u00f3n<\/strong><\/h2>\n<p>Este portal educativo presenta la informaci\u00f3n necesaria para orientar a profesores y alumnos en el estudio del proceso de integraci\u00f3n europea a partir del\u00a0<strong>historia<\/strong>,\u00a0<strong>geograf\u00eda<\/strong>\u00a0y\u00a0<strong>econom\u00eda<\/strong>\u00a0de la\u00a0<strong>Uni\u00f3n Europea<\/strong>. Ofrece una\u00a0<strong>visi\u00f3n global<\/strong>\u00a0del proceso de integraci\u00f3n y cooperaci\u00f3n regional m\u00e1s importante que ha vivido el mundo desde mediados del siglo XX.<\/p>\n<p>El objetivo principal es ayudar a\u00a0<strong>Primaria y secundaria<\/strong>\u00a0profesores de escuela para introducir el\u00a0<strong>Dimensi\u00f3n europea<\/strong>\u00a0en sus\u00a0<strong>programas educativos<\/strong>\u00a0de un\u00a0<strong>perspectiva multidisciplinar<\/strong>. Las principales caracter\u00edsticas de esta web son inicialmente\u00a0<strong>sencillo y did\u00e1ctico<\/strong>\u00a0presentaci\u00f3n y la posibilidad de profundizar en el contenido de cada uno de los temas propuestos.<\/p>\n<p>Los materiales complementarios asociados a cada una de las secciones se han clasificado teniendo en cuenta tres grupos de edad diferentes:\u00a0<strong>9 - 12, 12 - 15 y 15+<\/strong>. A grandes rasgos, estos grupos corresponden a los niveles de educaci\u00f3n primaria y secundaria de los sistemas educativos europeos. Algunos de estos contenidos tambi\u00e9n podr\u00edan ser \u00fatiles a nivel universitario y, en particular, para la formaci\u00f3n del profesorado.<\/p>\n<p>Esta web tambi\u00e9n incluye una secci\u00f3n dedicada a\u00a0<strong>Realidad aumentada<\/strong>\u00a0con el objetivo de implicar m\u00e1s a los estudiantes y motivarles mediante el uso de las nuevas tecnolog\u00edas.<\/p>\n<h2 lang=\"es-ES\"><strong>Metodolog\u00eda<\/strong><\/h2>\n<p>Los profesores encontrar\u00e1n una selecci\u00f3n de temas que les ayudar\u00e1n a lograr sus\u00a0<strong>objetivos did\u00e1cticos<\/strong>. Estos son algunos de los temas m\u00e1s frecuentes en los programas educativos de los distintos pa\u00edses europeos.<\/p>\n<p>Tambi\u00e9n hemos intentado ofrecer una visi\u00f3n interrelacionada de los distintos temas en torno a una serie de\u00a0<strong>paquetes tem\u00e1ticos<\/strong>. Los temas analizados se han organizado en cuatro grandes bloques para garantizar un tratamiento transversal de las distintas materias. Estos bloques son:<\/p>\n<ul>\n<li><strong>Los cimientos de la construcci\u00f3n europea<\/strong><\/li>\n<li><strong>La acci\u00f3n exterior de la UE<\/strong><\/li>\n<li><strong>Diversidad europea<\/strong><\/li>\n<li><strong>Retos pasados y presentes<\/strong><\/li>\n<\/ul>\n<p>Cada tema contiene adem\u00e1s contenidos generales que aportan una visi\u00f3n global. Hay una serie de materiales relacionados con estas l\u00edneas generales que permiten a los alumnos profundizar en un aspecto m\u00e1s concreto, como por ejemplo\u00a0<strong>mapas, documentos escritos, v\u00eddeos, juegos educativos, im\u00e1genes o enlaces externos<\/strong>. Estos materiales pueden descargarse directamente del sitio web o a trav\u00e9s de enlaces a otros sitios web. Adem\u00e1s de organizar la informaci\u00f3n por grupos de edad, los profesores tambi\u00e9n pueden consultar las lenguas en las que est\u00e1n disponibles estos materiales y su duraci\u00f3n, en el caso de los v\u00eddeos.<\/p>\n<p>Debido a la\u00a0<strong>multiling\u00fce<\/strong>\u00a0naturaleza de muchos de los recursos disponibles, y especialmente de los audiovisuales, tambi\u00e9n pueden utilizarse como material de apoyo para las clases de lenguas extranjeras.<\/p>\n<ul id=\"resources_list\">\n<li><img loading=\"lazy\" decoding=\"async\" class=\"wp-image-217 alignnone size-full\" src=\"http:\/\/learneurope.eu\/wp-content\/uploads\/2023\/02\/DocumentosGD-1.png\" alt=\"\" width=\"70\" height=\"70\" \/>\n<div class=\"description\">\n<h3>Documentos<\/h3>\n<p lang=\"es-ES\">El escrito\u00a0<strong>documentos<\/strong>\u00a0ayudar\u00e1n a profesores y alumnos a profundizar en algunos de los puntos examinados dentro de cada tema. Estos materiales pueden utilizarse para hacer comentarios de texto o para complementar las explicaciones de los profesores.<\/p>\n<\/div>\n<\/li>\n<li><img loading=\"lazy\" decoding=\"async\" class=\"wp-image-219 alignnone size-full\" src=\"http:\/\/learneurope.eu\/wp-content\/uploads\/2023\/02\/GrficosGD-1.png\" alt=\"\" width=\"70\" height=\"70\" \/>\n<div class=\"description\">\n<h3>Gr\u00e1ficos<\/h3>\n<p lang=\"es-ES\">En\u00a0<strong>gr\u00e1ficos y tablas<\/strong>\u00a0presentan informaci\u00f3n estad\u00edstica seleccionada que abarca el periodo m\u00e1ximo disponible para los pa\u00edses de la UE. En algunos casos, y en particular el de los pa\u00edses que formaban parte del antiguo bloque comunista, no es posible obtener datos anteriores a la d\u00e9cada de 1990. Estos recursos facilitan las comparaciones entre los distintos Estados miembros de la UE y, en algunos casos, entre la UE y los pa\u00edses m\u00e1s importantes del mundo.<\/p>\n<\/div>\n<\/li>\n<li><img loading=\"lazy\" decoding=\"async\" class=\"wp-image-222 alignnone size-full\" src=\"http:\/\/learneurope.eu\/wp-content\/uploads\/2023\/02\/MapasGD-1.png\" alt=\"\" width=\"70\" height=\"70\" \/>\n<div class=\"description\">\n<h3>Mapas<\/h3>\n<p lang=\"es-ES\">En\u00a0<strong>mapas<\/strong>\u00a0pretenden ofrecer una representaci\u00f3n visual de la informaci\u00f3n m\u00e1s relevante para ayudar a explicar el tema en cuesti\u00f3n. Algunos mapas forman parte de series que pretenden ofrecer una visi\u00f3n temporal de acontecimientos cambiantes. Otros, en cambio, ofrecen informaci\u00f3n estad\u00edstica y\/o geogr\u00e1fica comparable.<\/p>\n<\/div>\n<\/li>\n<li><img loading=\"lazy\" decoding=\"async\" class=\"wp-image-223 alignnone size-full\" src=\"http:\/\/learneurope.eu\/wp-content\/uploads\/2023\/02\/VdeosGD-1.png\" alt=\"\" width=\"70\" height=\"70\" \/>\n<div class=\"description\">\n<h3>V\u00eddeos<\/h3>\n<p lang=\"es-ES\">En\u00a0<strong>v\u00eddeos<\/strong>\u00a0nos ayudan a profundizar en las cuestiones y aportan distintos puntos de vista sobre los temas examinados. En la medida de lo posible, se ha intentado seleccionar v\u00eddeos que no duren m\u00e1s de cinco minutos, aunque hay algunas excepciones. De este modo, los v\u00eddeos pueden intercalarse con las explicaciones de los profesores y contribuir a dinamizar las clases.<\/p>\n<\/div>\n<\/li>\n<li><img loading=\"lazy\" decoding=\"async\" class=\"wp-image-220 alignnone size-full\" src=\"http:\/\/learneurope.eu\/wp-content\/uploads\/2023\/02\/Imgenes_fotografasGD-1.png\" alt=\"\" width=\"70\" height=\"70\" \/>\n<div class=\"description\">\n<h3>Im\u00e1genes<\/h3>\n<p lang=\"es-ES\">En\u00a0<strong>fotograf\u00edas<\/strong>\u00a0ayudan a ilustrar algunos de los aspectos relacionados con el tema en cuesti\u00f3n; tambi\u00e9n pueden ser utilizados por los profesores para las presentaciones.<\/p>\n<\/div>\n<\/li>\n<li><img loading=\"lazy\" decoding=\"async\" class=\"wp-image-218 alignnone size-full\" src=\"http:\/\/learneurope.eu\/wp-content\/uploads\/2023\/02\/Enlaces-externosGD-1.png\" alt=\"\" width=\"70\" height=\"70\" \/>\n<div class=\"description\">\n<h3>Enlaces externos<\/h3>\n<p lang=\"es-ES\"><strong>Enlaces externos<\/strong>\u00a0es una categor\u00eda de recursos bastante heterog\u00e9nea. Pueden variar desde contenidos textuales hasta mapas interactivos. Se han incluido con el objetivo de ampliar los conocimientos sobre algunos aspectos concretos del tema en cuesti\u00f3n. Tambi\u00e9n pueden ser utilizados por los alumnos como referencias bibliogr\u00e1ficas a la hora de preparar un trabajo.<\/p>\n<\/div>\n<\/li>\n<li><img loading=\"lazy\" decoding=\"async\" class=\"alignnone wp-image-221 size-full\" src=\"http:\/\/learneurope.eu\/wp-content\/uploads\/2023\/02\/Juegos-eductivosGD-1.png\" alt=\"\" width=\"70\" height=\"70\" \/>\n<div class=\"description\">\n<h3>Juegos educativos<\/h3>\n<p lang=\"es-ES\">En\u00a0<strong>juegos educativos<\/strong>\u00a0var\u00edan en su complejidad. Van desde mapas en los que los alumnos deben relacionar conceptos con puntos del mapa, hasta mapas m\u00e1s complejos que requerir\u00e1n una explicaci\u00f3n previa para que los alumnos interact\u00faen con ellos de forma satisfactoria. En la mayor\u00eda de los casos, es posible registrar a los alumnos como usuarios y los profesores pueden supervisar sus progresos.<\/p>\n<\/div>\n<\/li>\n<li><img loading=\"lazy\" decoding=\"async\" class=\"wp-image-216 alignnone size-full\" src=\"http:\/\/learneurope.eu\/wp-content\/uploads\/2023\/02\/debateGD-1.png\" alt=\"\" width=\"70\" height=\"70\" \/>\n<div class=\"description\">\n<h3>Debate<\/h3>\n<p lang=\"es-ES\">A\u00a0<strong>debate<\/strong>\u00a0se propone sobre cada tema a partir de materiales que pueden ser v\u00eddeos, art\u00edculos de prensa o extractos de otros documentos. Con estos debates se pretende que los alumnos tomen posici\u00f3n sobre temas de actualidad relacionados con el proceso de integraci\u00f3n europea. Otro objetivo es ayudar a los alumnos a ampliar sus conocimientos mediante la participaci\u00f3n en debates. Estos debates se dirigen fundamentalmente a grupos de alumnos de secundaria que deben empezar a tener los elementos necesarios para tomar posiciones y discutir temas relacionados con la UE.<\/p>\n<\/div>\n<\/li>\n<\/ul>\n<p><strong>Pel\u00edculas<\/strong>\u00a0y\u00a0<strong>documentales<\/strong>\u00a0sobre algunos de los temas examinados tambi\u00e9n pueden utilizarse como material complementario. Por razones t\u00e9cnicas y legales, no es posible crear enlaces directos a estos contenidos, por lo que los profesores deben ponerlos a disposici\u00f3n de sus alumnos. Dado que muchas de las pel\u00edculas tienen una duraci\u00f3n superior al tiempo disponible en clase, se recomienda utilizar un formato tipo \"cine f\u00f3rum\" en el que se seleccionen los planos y escenas m\u00e1s relevantes para explicar el tema.<\/p>\n<p>Tambi\u00e9n hay dos tipos de recursos que pueden ayudar a los estudiantes a interactuar. Por un lado, existe un\u00a0<strong>mapa interactivo<\/strong>\u00a0entre los que los estudiantes pueden seleccionar una serie de\u00a0<strong>datos socioecon\u00f3micos<\/strong>\u00a0relativos a un momento concreto entre 1950 y 2010. Estos datos ofrecen un grado de detalle para toda la UE que va desde el nivel nacional al regional y provincial. Tambi\u00e9n hay un mapa interactivo de la\u00a0<strong>Red ferroviaria europea<\/strong>\u00a0de 1830 a 2010, que muestra la evoluci\u00f3n del sistema ferroviario en intervalos de diez a\u00f1os.<\/p>\n<p>En relaci\u00f3n con la\u00a0<strong>Ferrocarril europeo<\/strong>\u00a0red, y a trav\u00e9s de la opci\u00f3n dedicada a\u00a0<strong>Realidad aumentada<\/strong>Los alumnos podr\u00e1n poner a prueba sus conocimientos sobre el tema. Este aspecto relaciona la realidad local conocida por los alumnos con la dimensi\u00f3n europea de las redes de transporte.<\/p>\n<p>Por \u00faltimo, los principales objetivos y competencias que los alumnos desarrollar\u00e1n gracias al uso de esta herramienta did\u00e1ctica pueden resumirse del siguiente modo:<\/p>\n<h2 lang=\"es-ES\">\u00a0<strong>Objetivos generales:<\/strong><\/h2>\n<ul class=\"lateral_edge\">\n<li>Conocer los or\u00edgenes, causas y principales etapas del proceso de integraci\u00f3n europea.<\/li>\n<li>Introducir a los estudiantes en la econom\u00eda, la historia y la geograf\u00eda de la UE.<\/li>\n<li>Identificar los pa\u00edses que pertenecen a la UE y darlos a conocer a los alumnos.<\/li>\n<li>Aprender a distinguir entre las principales instituciones de la UE y las funciones que desempe\u00f1an.<\/li>\n<li>Comprender el sistema de toma de decisiones dentro de la UE.<\/li>\n<li>Preparar a los estudiantes para la vida y la movilidad en el territorio europeo.<\/li>\n<li>Identificar las principales pol\u00edticas de la UE.<\/li>\n<li>Fomentar el multiling\u00fcismo como requisito para lograr la plena integraci\u00f3n en la sociedad europea.<\/li>\n<li>Concienciar a los alumnos de la necesidad de vivir una sociedad abierta y multicultural.<\/li>\n<li>Sensibilizar sobre la diversidad europea.<\/li>\n<li>Fomentar el inter\u00e9s de los estudiantes por los acontecimientos que tienen lugar en los pa\u00edses de su entorno y c\u00f3mo pueden verse afectados por ellos.<\/li>\n<li>Examinar la realidad socioecon\u00f3mica y los sistemas pol\u00edticos de los pa\u00edses europeos.<\/li>\n<li>Ayudar a los estudiantes a comprender los problemas y retos que plantea la sociedad europea moderna.<\/li>\n<li>Obtener una comprensi\u00f3n general de las principales aportaciones de los distintos tratados.<\/li>\n<li>Comprender las relaciones entre la UE y otros pa\u00edses, y en particular con los de la periferia inmediata de la UE.<\/li>\n<\/ul>\n<h2 lang=\"es-ES\"><strong>Competencias:<\/strong><\/h2>\n<ul class=\"lateral_edge\">\n<li>Comprender c\u00f3mo es posible superar las rivalidades entre pa\u00edses mediante la colaboraci\u00f3n y el entendimiento.<\/li>\n<li>Analizar cr\u00edticamente el proceso de integraci\u00f3n europea.<\/li>\n<li>Utilizar el debate para dar a los alumnos la capacidad de adoptar posturas sobre diferentes temas relacionados con la UE.<\/li>\n<li>Aprender vocabulario espec\u00edfico relacionado con la UE.<\/li>\n<li>Sensibilizar sobre la necesidad de responder a los retos a los que se enfrenta actualmente la sociedad europea.<\/li>\n<li>Fomentar la autonom\u00eda ofreciendo herramientas de investigaci\u00f3n y recopilaci\u00f3n de informaci\u00f3n sobre un tema relacionado con la UE.<\/li>\n<li>Profundizar en el an\u00e1lisis de los textos, documentos gr\u00e1ficos y materiales audiovisuales.<\/li>\n<li>Aprender a trabajar con datos estad\u00edsticos y a interpretarlos.<\/li>\n<li>Ser conscientes de pertenecer a un proyecto com\u00fan que implica a m\u00e1s de 500 millones de europeos.<\/li>\n<\/ul>\n<p>Propuestas de formaci\u00f3n centradas en temas relacionados con la UE que examinan su econom\u00eda, historia y geograf\u00eda desde una perspectiva transversal.<\/p>\n<p>[\/et_pb_text][\/et_pb_column][et_pb_column type=&#8221;2_5&#8243; _builder_version=&#8221;4.19.5&#8243; _module_preset=&#8221;default&#8221; global_colors_info=&#8221;{}&#8221;][et_pb_contact_form title=&#8221;More Information&#8221; submit_button_text=&#8221;Send&#8221; _builder_version=&#8221;4.19.5&#8243; _module_preset=&#8221;default&#8221; _unique_id=&#8221;0db2b197-6678-4f0e-9306-216aec330e41&#8243; global_colors_info=&#8221;{}&#8221;][et_pb_contact_field field_id=&#8221;Name&#8221; field_title=&#8221;Name&#8221; fullwidth_field=&#8221;on&#8221; _builder_version=&#8221;4.19.5&#8243; global_colors_info=&#8221;{}&#8221; button_text_size__hover_enabled=&#8221;off&#8221; button_one_text_size__hover_enabled=&#8221;off&#8221; button_two_text_size__hover_enabled=&#8221;off&#8221; button_text_color__hover_enabled=&#8221;off&#8221; button_one_text_color__hover_enabled=&#8221;off&#8221; button_two_text_color__hover_enabled=&#8221;off&#8221; button_border_width__hover_enabled=&#8221;off&#8221; button_one_border_width__hover_enabled=&#8221;off&#8221; button_two_border_width__hover_enabled=&#8221;off&#8221; button_border_color__hover_enabled=&#8221;off&#8221; button_one_border_color__hover_enabled=&#8221;off&#8221; button_two_border_color__hover_enabled=&#8221;off&#8221; button_border_radius__hover_enabled=&#8221;off&#8221; button_one_border_radius__hover_enabled=&#8221;off&#8221; button_two_border_radius__hover_enabled=&#8221;off&#8221; button_letter_spacing__hover_enabled=&#8221;off&#8221; button_one_letter_spacing__hover_enabled=&#8221;off&#8221; button_two_letter_spacing__hover_enabled=&#8221;off&#8221; button_bg_color__hover_enabled=&#8221;off&#8221; button_one_bg_color__hover_enabled=&#8221;off&#8221; button_two_bg_color__hover_enabled=&#8221;off&#8221;][\/et_pb_contact_field][et_pb_contact_field field_id=&#8221;Email&#8221; field_title=&#8221;Email Address&#8221; field_type=&#8221;email&#8221; fullwidth_field=&#8221;on&#8221; _builder_version=&#8221;4.19.5&#8243; global_colors_info=&#8221;{}&#8221; button_text_size__hover_enabled=&#8221;off&#8221; button_one_text_size__hover_enabled=&#8221;off&#8221; button_two_text_size__hover_enabled=&#8221;off&#8221; button_text_color__hover_enabled=&#8221;off&#8221; button_one_text_color__hover_enabled=&#8221;off&#8221; button_two_text_color__hover_enabled=&#8221;off&#8221; button_border_width__hover_enabled=&#8221;off&#8221; button_one_border_width__hover_enabled=&#8221;off&#8221; button_two_border_width__hover_enabled=&#8221;off&#8221; button_border_color__hover_enabled=&#8221;off&#8221; button_one_border_color__hover_enabled=&#8221;off&#8221; button_two_border_color__hover_enabled=&#8221;off&#8221; button_border_radius__hover_enabled=&#8221;off&#8221; button_one_border_radius__hover_enabled=&#8221;off&#8221; button_two_border_radius__hover_enabled=&#8221;off&#8221; button_letter_spacing__hover_enabled=&#8221;off&#8221; button_one_letter_spacing__hover_enabled=&#8221;off&#8221; button_two_letter_spacing__hover_enabled=&#8221;off&#8221; button_bg_color__hover_enabled=&#8221;off&#8221; button_one_bg_color__hover_enabled=&#8221;off&#8221; button_two_bg_color__hover_enabled=&#8221;off&#8221;][\/et_pb_contact_field][et_pb_contact_field field_id=&#8221;Educenter&#8221; field_title=&#8221;Educational Center&#8221; fullwidth_field=&#8221;on&#8221; _builder_version=&#8221;4.19.5&#8243; _module_preset=&#8221;default&#8221; global_colors_info=&#8221;{}&#8221;][\/et_pb_contact_field][et_pb_contact_field field_id=&#8221;web&#8221; field_title=&#8221;Website&#8221; fullwidth_field=&#8221;on&#8221; _builder_version=&#8221;4.19.5&#8243; _module_preset=&#8221;default&#8221; global_colors_info=&#8221;{}&#8221;][\/et_pb_contact_field][et_pb_contact_field field_id=&#8221;Message&#8221; field_title=&#8221;Message&#8221; field_type=&#8221;text&#8221; fullwidth_field=&#8221;on&#8221; _builder_version=&#8221;4.16&#8243; global_colors_info=&#8221;{}&#8221; button_text_size__hover_enabled=&#8221;off&#8221; button_one_text_size__hover_enabled=&#8221;off&#8221; button_two_text_size__hover_enabled=&#8221;off&#8221; button_text_color__hover_enabled=&#8221;off&#8221; button_one_text_color__hover_enabled=&#8221;off&#8221; button_two_text_color__hover_enabled=&#8221;off&#8221; button_border_width__hover_enabled=&#8221;off&#8221; button_one_border_width__hover_enabled=&#8221;off&#8221; button_two_border_width__hover_enabled=&#8221;off&#8221; button_border_color__hover_enabled=&#8221;off&#8221; button_one_border_color__hover_enabled=&#8221;off&#8221; button_two_border_color__hover_enabled=&#8221;off&#8221; button_border_radius__hover_enabled=&#8221;off&#8221; button_one_border_radius__hover_enabled=&#8221;off&#8221; button_two_border_radius__hover_enabled=&#8221;off&#8221; button_letter_spacing__hover_enabled=&#8221;off&#8221; button_one_letter_spacing__hover_enabled=&#8221;off&#8221; button_two_letter_spacing__hover_enabled=&#8221;off&#8221; button_bg_color__hover_enabled=&#8221;off&#8221; button_one_bg_color__hover_enabled=&#8221;off&#8221; button_two_bg_color__hover_enabled=&#8221;off&#8221;][\/et_pb_contact_field][\/et_pb_contact_form][\/et_pb_column][\/et_pb_row][\/et_pb_section]<\/p>","protected":false},"excerpt":{"rendered":"<p>Presentation This educational portal presents the information required to guide teachers and students in the study of the process of European integration based on the\u00a0history,\u00a0geography\u00a0and\u00a0economics\u00a0of the\u00a0European Union. It offers a\u00a0global view\u00a0of the most important process of integration and regional cooperation that the world has seen since the middle of the 20th\u00a0century. The main objective is [&hellip;]<\/p>","protected":false},"author":1,"featured_media":0,"parent":0,"menu_order":0,"comment_status":"closed","ping_status":"open","template":"","meta":{"_et_pb_use_builder":"on","_et_pb_old_content":"","_et_gb_content_width":"","footnotes":""},"_links":{"self":[{"href":"https:\/\/learneurope.eu\/es\/wp-json\/wp\/v2\/pages\/207"}],"collection":[{"href":"https:\/\/learneurope.eu\/es\/wp-json\/wp\/v2\/pages"}],"about":[{"href":"https:\/\/learneurope.eu\/es\/wp-json\/wp\/v2\/types\/page"}],"author":[{"embeddable":true,"href":"https:\/\/learneurope.eu\/es\/wp-json\/wp\/v2\/users\/1"}],"replies":[{"embeddable":true,"href":"https:\/\/learneurope.eu\/es\/wp-json\/wp\/v2\/comments?post=207"}],"version-history":[{"count":9,"href":"https:\/\/learneurope.eu\/es\/wp-json\/wp\/v2\/pages\/207\/revisions"}],"predecessor-version":[{"id":782,"href":"https:\/\/learneurope.eu\/es\/wp-json\/wp\/v2\/pages\/207\/revisions\/782"}],"wp:attachment":[{"href":"https:\/\/learneurope.eu\/es\/wp-json\/wp\/v2\/media?parent=207"}],"curies":[{"name":"wp","href":"https:\/\/api.w.org\/{rel}","templated":true}]}}